{"id":962,"date":"2021-05-26T22:00:08","date_gmt":"2021-05-26T22:00:08","guid":{"rendered":"http:\/\/infinityracing.de\/?page_id=962"},"modified":"2024-06-02T16:12:48","modified_gmt":"2024-06-02T16:12:48","slug":"werde-mitglied","status":"publish","type":"page","link":"https:\/\/infinityracing.de\/en\/werde-mitglied\/","title":{"rendered":"Join in!"},"content":{"rendered":"<p>Are you already studying at Kempten University of Applied Sciences or will you be starting your degree programme soon? Do you want to gain practical experience alongside your studies? Do you need that certain something to set yourself apart from others when applying for jobs later on? Then you've come to the right place!<\/p>\n\n\n\n<p>Infinity Racing is the Formula Student Team of Kempten University of Applied Sciences. With the support of regional and world-renowned companies, we build a formula racing car every year. The vehicle, which has been powered by a 4-cylinder combustion engine since 2008, will have a fully electric drive from the 21\/22 racing season.<\/p>\n\n\n\n<p><strong><mark style=\"background-color:#d81c22\" class=\"has-inline-color has-white-color\">Bereiche Infinity Racing Team<\/mark><\/strong><\/p>\n\n\n\n<p><strong>Bereich Mechanik<\/strong><\/p>\n\n\n\n<ul class=\"wp-block-list\">\n<li><strong>Suspension<\/strong><\/li>\n\n\n\n<li><strong>Monocoque<\/strong><\/li>\n\n\n\n<li><strong>Aerodynamics<\/strong><\/li>\n\n\n\n<li><strong>Drivetrain<\/strong><\/li>\n<\/ul>\n\n\n\n<p><strong>Bereich Elektronik<\/strong><\/p>\n\n\n\n<ul class=\"wp-block-list\">\n<li><strong>HV &amp; Akku<\/strong><\/li>\n\n\n\n<li><strong>LV &amp; Software<\/strong><\/li>\n\n\n\n<li><strong>Inverter<\/strong><\/li>\n\n\n\n<li><strong>Kabelbaum<\/strong><\/li>\n\n\n\n<li><strong>VCU &amp; CAN<\/strong><\/li>\n<\/ul>\n\n\n\n<p><strong>Bereich Driverless<\/strong><\/p>\n\n\n\n<p><strong>Bereich Wirtschaft<\/strong><\/p>\n\n\n\n<ul class=\"wp-block-list\">\n<li><strong>Marketing und Design<\/strong><\/li>\n\n\n\n<li><strong>Eventmanagement<\/strong><\/li>\n\n\n\n<li><strong>Sponsoring<\/strong><\/li>\n\n\n\n<li><strong>Statics (Business Plan &amp; Cost Report)<\/strong><\/li>\n<\/ul>\n\n\n\n<h4 class=\"wp-block-heading\"><mark style=\"background-color:#d81c22\" class=\"has-inline-color has-white-color\"><strong>Bereiche Mechanik<\/strong><\/mark><\/h4>\n\n\n\n<p><strong><strong><mark style=\"background-color:#d81c22\" class=\"has-inline-color has-white-color\">Farhwerk<\/mark><\/strong><\/strong><\/p>\n\n\n\n<p>Dieses Ressort nimmt sich dem Aufbau des Autos, seinen Achsen der Lenkung und der Radbaugruppe an.<\/p>\n\n\n\n<p><strong>Deine Aufgaben:<\/strong><\/p>\n\n\n\n<ul class=\"wp-block-list\">\n<li>Optimierung und \u00dcberarbeitung Programm der Komponenten, der Radbaugruppe, Bremsanlage, D\u00e4mpferbaugruppe&nbsp;<\/li>\n\n\n\n<li>Passende Reifenauswahl<\/li>\n<\/ul>\n\n\n\n<p><strong><strong>Zusammenarbeit mit:<\/strong><\/strong><\/p>\n\n\n\n<ul class=\"wp-block-list\">\n<li>Ressort Chassis<\/li>\n\n\n\n<li>Ressort Software<\/li>\n\n\n\n<li>Ressort Antrieb<\/li>\n<\/ul>\n\n\n\n<p><strong>Was du bei uns lernen kannst:<\/strong><\/p>\n\n\n\n<ul class=\"wp-block-list\">\n<li>Umgang mit CAD-Creo<\/li>\n\n\n\n<li>Designing the brake system&nbsp;<\/li>\n<\/ul>\n\n\n\n<p><strong><strong><mark style=\"background-color:#d81c22\" class=\"has-inline-color has-white-color\">Monocoque<\/mark><\/strong><\/strong><\/p>\n\n\n\n<p>Hier wird das Monocoque geplant und gebaut. Wir k\u00fcmmern uns au\u00dferdem um die Fahrsicherheit, sowie Ergonomie und die Funktionalit\u00e4t der Bremse.<\/p>\n\n\n\n<p><strong>Vorkenntnisse &amp; Interessen<\/strong><\/p>\n\n\n\n<p>Bei uns solltest du handwerkliches Geschick und Fingerspitzengef\u00fchl mitbringen. Wir arbeiten mit fortschrittlichen und besonderen Werkstoffen, wie Carbon, deshalb ist zuverl\u00e4ssiges und eigenst\u00e4ndiges Arbeiten gefragt.<\/p>\n\n\n\n<p><strong>Ressort Highlight:<\/strong><\/p>\n\n\n\n<p>Unser Ressort hat die meiste praktische Arbeit, deshalb sind die Mitglieder h\u00e4ufig in der Werkstatt und st\u00e4rken so den Zusammenhalt der Mitglieder von Monocoque und Chassis.<\/p>\n\n\n\n<p><strong>Deine Aufgaben<\/strong><\/p>\n\n\n\n<ul class=\"wp-block-list\">\n<li>Mockup erstellen &amp; grundlegenden Fahrzeugbau bestimmen<\/li>\n\n\n\n<li>Konstruieren des Chassis, der Pedalerie (Notbremse, autonom aktuierbarer Bremse und Erkennung f\u00fcr Energie Rekuperation) und der einzelnen positiven Formen zur Fertigung des Monocoques<\/li>\n\n\n\n<li>Simulation und Festlegen von Lagenaufbauten<\/li>\n<\/ul>\n\n\n\n<p><strong>Zusammenarbeit mit:<\/strong><\/p>\n\n\n\n<ul class=\"wp-block-list\">\n<li>mit allen Ressorts<\/li>\n\n\n\n<li>Fahrer des Autos<\/li>\n<\/ul>\n\n\n\n<p><strong>Welche F\u00e4higkeiten du bei uns erlangen kannst<\/strong><\/p>\n\n\n\n<ul class=\"wp-block-list\">\n<li>Parametrische Konstruieren und Fl\u00e4chenmodellieren<\/li>\n\n\n\n<li>Production-orientated design<\/li>\n\n\n\n<li>Konstruieren mit Creo 4.0 und Catia V5<\/li>\n<\/ul>\n\n\n\n<p><strong><strong><mark style=\"background-color:#d81c22\" class=\"has-inline-color has-white-color\">Aerodynamics<\/mark><\/strong><\/strong><\/p>\n\n\n\n<p>Die Performance des Wagens steht hier im Vordergrund. Wir k\u00fcmmern uns um die Downforce, um den n\u00f6tigen Antrieb f\u00fcr das Fahrzeug zu generieren. (Der Fokus liegt auf der Frontwing, Rearwing, Sideaero und Unterboden.)<\/p>\n\n\n\n<p><strong>Vorkenntnisse &amp; Interessen:<\/strong><\/p>\n\n\n\n<p>Bei uns steht handwerkliches Geschick und l\u00f6sungsorientierte Ideenfindung im Mittelpunkt umso besser, wenn du auch daf\u00fcr brennst. Vorkenntnisse in der Str\u00f6mungsdynamik, CFD, CAD sind willkommen, aber keine Voraussetzung.<\/p>\n\n\n\n<p><strong>Ressort Highlight:<\/strong><\/p>\n\n\n\n<p>Besonders Erarbeiten, Umsetzten eigener Idee aber auch das Testen am Fahrzeug, sowie viele sch\u00f6ne Stunden mit dem Team in der Werkstatt machen dieses Ressort so interessant.<\/p>\n\n\n\n<p><strong>Deine Aufgaben:<\/strong><\/p>\n\n\n\n<ul class=\"wp-block-list\">\n<li>Design of components and moulds<\/li>\n\n\n\n<li>Simulation and validation of components<\/li>\n\n\n\n<li>Carbon fibre parts production<\/li>\n<\/ul>\n\n\n\n<p><strong>Zusammenarbeit mit:<\/strong><\/p>\n\n\n\n<ul class=\"wp-block-list\">\n<li>Ressort Fahrwerk<\/li>\n\n\n\n<li>Ressort Antrieb<\/li>\n\n\n\n<li>Ressort Elektronik<\/li>\n<\/ul>\n\n\n\n<p><strong>Was du bei uns lernen kannst:<\/strong><\/p>\n\n\n\n<ul class=\"wp-block-list\">\n<li>Umgang mit CAD-Programm Creo und Simulationssoftware ANSYS<\/li>\n\n\n\n<li>Fertigungsverfahren im Bereich CFK<\/li>\n\n\n\n<li>Leichtbautechnische Auslegung, Konstruktion und Fertigung von Faserverbund- und Aluminiumteilen \u00fcber die Simulation<\/li>\n<\/ul>\n\n\n\n<p><strong><strong><mark style=\"background-color:#d81c22\" class=\"has-inline-color has-white-color\">Drivetrain<\/mark><\/strong><\/strong><\/p>\n\n\n\n<p>Hier wird durch die Entwicklung des Elektromotors und der Radnabengetriebe der n\u00f6tige Vortrieb des Rennwagens sichergestellt.<\/p>\n\n\n\n<p><strong>Deine Aufgaben:<\/strong><\/p>\n\n\n\n<ul class=\"wp-block-list\">\n<li>Optimisation and development of the gearbox assembly<\/li>\n\n\n\n<li>Weight reduction of the cooling system<\/li>\n\n\n\n<li>Thermal simulation<\/li>\n<\/ul>\n\n\n\n<p><strong>Zusammenarbeit mit:<\/strong><\/p>\n\n\n\n<ul class=\"wp-block-list\">\n<li>Ressort Fahrwerk<\/li>\n\n\n\n<li>Ressort Elektronik<\/li>\n\n\n\n<li>Ressort Aerodynamik<\/li>\n<\/ul>\n\n\n\n<p><strong>Was du bei uns lernen kannst:<\/strong><\/p>\n\n\n\n<ul class=\"wp-block-list\">\n<li>Working with Creo<\/li>\n\n\n\n<li>Umgang mit ANSYS zur thermischen Simulation von K\u00fchlsystemen<\/li>\n<\/ul>\n\n\n\n<h4 class=\"wp-block-heading\"><strong><strong><mark style=\"background-color:#d81c22\" class=\"has-inline-color has-white-color\">Bereiche Elektronik<\/mark><\/strong><\/strong><\/h4>\n\n\n\n<p><strong><strong><mark style=\"background-color:#d81c22\" class=\"has-inline-color has-white-color\">HV &amp; Akku<\/mark><\/strong><\/strong><\/p>\n\n\n\n<p>Wir konstruieren, fertigen und testen die Traktionsbatterie f\u00fcr unser Fahrzeug in Zusammenarbeit mit erfahrenen Sponsoren im Bereich der Elektromobilit\u00e4t. (Bei uns arbeitest du am Akku unseres Autos, am Design, der Konstruktion und vielem mehr.)<\/p>\n\n\n\n<p><strong>Vorkenntnisse &amp; Interessen:<\/strong><\/p>\n\n\n\n<p>Bei uns solltest du ein grundlegendes Verst\u00e4ndnis f\u00fcr Elektrotechnik mitbringen. Interesse an Hochvolt, Mechanik und Energiespeichersystemen sind von Vorteil.<\/p>\n\n\n\n<p><strong>Highlight<\/strong><\/p>\n\n\n\n<p>Aktualit\u00e4t des Themas Energiespeicherung auch au\u00dferhalb der Formula Student. In diesem Ressort wird an einem der wichtigsten Komponenten des Rennwagens gefeilt.<\/p>\n\n\n\n<p><strong>Deine Aufgaben:<\/strong><\/p>\n\n\n\n<ul class=\"wp-block-list\">\n<li>Konstruktion Akku Geh\u00e4use<\/li>\n\n\n\n<li>BMS Platinen Entwicklung<\/li>\n\n\n\n<li>Tests auf Hochvolt Batterie Pr\u00fcfstand<\/li>\n<\/ul>\n\n\n\n<p><strong>Zusammenarbeit mit:<\/strong><\/p>\n\n\n\n<ul class=\"wp-block-list\">\n<li>Ressort Monocoque<\/li>\n\n\n\n<li>Alle Elektroaufgabenbereiche<\/li>\n<\/ul>\n\n\n\n<p><strong>Was du bei uns lernen kannst:<\/strong><\/p>\n\n\n\n<ul class=\"wp-block-list\">\n<li>Zuverl\u00e4ssiges Arbeiten<\/li>\n\n\n\n<li>Umfangreiches Wissen \u00fcber Energiespeichersysteme, deren Steuerung<\/li>\n\n\n\n<li>Umgang mit eCAD, CAD und weiterer Software<\/li>\n<\/ul>\n\n\n\n<p><strong><strong><mark style=\"background-color:#d81c22\" class=\"has-inline-color has-white-color\">LV &amp; Software<\/mark><\/strong><\/strong><\/p>\n\n\n\n<p>Das Ressort Software k\u00fcmmert sich um die Fahrdynamik und das autonome System. Hier k\u00fcmmern wir uns um die Entwicklung von Platinen vom Entwurf \u00fcber den Aufbau bis zur Software.<\/p>\n\n\n\n<p><strong>Vorkenntnisse &amp; Interessen:<\/strong><\/p>\n\n\n\n<p>Bei uns solltest du grundlegende Englischkenntnisse und ein Verst\u00e4ndnis und Interesse f\u00fcr Elektrotechnik, so wie Programmierung mitbringen.<\/p>\n\n\n\n<p><strong>Deine Aufgaben:<\/strong><\/p>\n\n\n\n<ul class=\"wp-block-list\">\n<li>Platinen Aufbau und Inbetriebnahme<\/li>\n\n\n\n<li>Bau Akku-Dummy<\/li>\n\n\n\n<li>Inbetriebnahme Driverless Platinen<\/li>\n<\/ul>\n\n\n\n<p><strong>Zusammenarbeit mit<\/strong><\/p>\n\n\n\n<p>Allen technischen Ressorts<\/p>\n\n\n\n<p><strong>Was du bei uns lernen kannst:<\/strong><\/p>\n\n\n\n<ul class=\"wp-block-list\">\n<li>Software-Debugging<\/li>\n\n\n\n<li>F\u00f6rderung eigener Ideen und Probleml\u00f6sungsprozesse<\/li>\n\n\n\n<li>Anwendung verschiedener Softwares<\/li>\n<\/ul>\n\n\n\n<p><strong><strong><mark style=\"background-color:#d81c22\" class=\"has-inline-color has-white-color\">Inverter<\/mark><\/strong><\/strong><\/p>\n\n\n\n<p>Wir k\u00fcmmern uns um die Verkn\u00fcpfung des Elektromotors mit dem HV-Akku, also um eine effiziente und performante Ansteuerung des Antriebsstrangs.<\/p>\n\n\n\n<p><strong>Vorkenntnisse &amp; Interessen<\/strong><\/p>\n\n\n\n<p>Um bei uns anzufangen, solltest du einige Vorkenntnisse im Bereich Schaltungsdesign und Simulation, wie in LTSpice, in MATLAB, Simulink haben und bereits \u00fcber die Grundkenntnisse der Elektro- und Regelungstechnik verf\u00fcgen<strong>.<\/strong>&nbsp;Wenn du dich auch noch f\u00fcr Modellbasierte Softwareentwicklung und Hardwareentwicklung interessierst steht einer Mitgliedschaft bei uns nichts mehr im Weg.<\/p>\n\n\n\n<p><strong>Highlight:<\/strong><\/p>\n\n\n\n<p>Erfolgserlebnisse bei Optimierungsergebnissen, wie eine Wirkungsgradsteigerung.<\/p>\n\n\n\n<p><strong>Deine Aufgaben:<\/strong><\/p>\n\n\n\n<ul class=\"wp-block-list\">\n<li>Inbetriebnahme Inverter Pr\u00fcfstand<\/li>\n\n\n\n<li>Weitgehende Parametrierung&nbsp;<\/li>\n\n\n\n<li>Validierung Inverter Parametrierung<\/li>\n<\/ul>\n\n\n\n<p><strong>Zusammenarbeit mit:<\/strong><\/p>\n\n\n\n<ul class=\"wp-block-list\">\n<li>Elektro-Aufgabenbereiche<\/li>\n\n\n\n<li>Ressort Mechanik<\/li>\n\n\n\n<li>Ressort Sponsoring<\/li>\n<\/ul>\n\n\n\n<p><strong>Was du bei uns lernen kannst:<\/strong><\/p>\n\n\n\n<ul class=\"wp-block-list\">\n<li>Schaltungsdesign<\/li>\n\n\n\n<li>Gestaltung Platinen Layout<\/li>\n\n\n\n<li>Simulation und Regelung eines Elektromotors<\/li>\n<\/ul>\n\n\n\n<p><strong><strong><mark style=\"background-color:#d81c22\" class=\"has-inline-color has-white-color\">Kabelbaum<\/mark><\/strong><\/strong><\/p>\n\n\n\n<p>Hier k\u00fcmmerst du dich um die richtige Verlegung der zentralen Verbindungselemente eines Autos, die Planung und den Aufbau des Kabelbaums.<\/p>\n\n\n\n<p><strong>Vorkenntnisse und Interessen:<\/strong><\/p>\n\n\n\n<p>Um bei uns anzufangen, ben\u00f6tigst du keine Vorkenntnisse, eine Ausbildung im elektrischen Bereich ist aber von Vorteil. Bei uns findest du dich gut ein, wenn du dich f\u00fcr einen \u00dcberblick \u00fcber das System interessierst.<\/p>\n\n\n\n<p><strong>Highlight:<\/strong><\/p>\n\n\n\n<p>Das Erfolgsgef\u00fchl, wenn ein Pin beim ersten Versuch in den Stecker passt.<\/p>\n\n\n\n<p><strong>Deine Aufgaben:<\/strong><\/p>\n\n\n\n<ul class=\"wp-block-list\">\n<li>Validierung des Kabelbaums<\/li>\n\n\n\n<li>Anpassung des Kabelbaumschaltplanes<\/li>\n\n\n\n<li>3D Konstruktion Kabelbaum<\/li>\n<\/ul>\n\n\n\n<p><strong>Zusammenarbeit mit:<\/strong><\/p>\n\n\n\n<ul class=\"wp-block-list\">\n<li>Mit allen Ressorts<\/li>\n<\/ul>\n\n\n\n<p><strong>Was du bei uns lernen kannst:<\/strong><\/p>\n\n\n\n<ul class=\"wp-block-list\">\n<li>Verdrahten von Kabeln<\/li>\n\n\n\n<li>Lernen ein Gef\u00fchl f\u00fcr den Strom zu bekommen<\/li>\n<\/ul>\n\n\n\n<p><strong><strong><mark style=\"background-color:#d81c22\" class=\"has-inline-color has-white-color\">VCU &amp; CAN<\/mark><\/strong><\/strong><\/p>\n\n\n\n<p>In dem Vehicle Control Unit und Controller Area Network k\u00fcmmerst du dich um die&nbsp;Fahrzugsoftware, darunter das Einlesen der Sensoren, die Fusion der Daten, die Regelung der Fahrdynamik, sowie die Ansteuerung der Leistungselektronik und der Motoren.<\/p>\n\n\n\n<p><strong>Vorkenntnisse und Interessen:<\/strong><\/p>\n\n\n\n<p>Um bei uns mitzuarbeiten sind keine bestimmten Kenntnisse vorausgesetzt, wenn du aber die Grundlagen in Steuerungs-, Regelungs- und Microcomputertechnik beherrscht ist der Einstieg auf jeden Fall einfacher. In unserem Arbeitsbereich ist es wichtig, dass du Interesse am Programmieren von Steuerungsger\u00e4ten und der Fahrdynamik von Rennautos mitbringst.<\/p>\n\n\n\n<p><strong>Ressort Highlight:<\/strong><\/p>\n\n\n\n<p>Wenn die Programmierung erfolgreich ist und das Auto entsprechend der Programmierung funktioniert.<\/p>\n\n\n\n<p><strong>Deine Aufgaben:<\/strong><\/p>\n\n\n\n<ul class=\"wp-block-list\">\n<li>Anpassung der CAN DBCs<\/li>\n\n\n\n<li>Inbetriebnahme diverser Fahrzeugregelungssysteme<\/li>\n\n\n\n<li>Implementierung Driverless Kommunikation<\/li>\n<\/ul>\n\n\n\n<p><strong>Zusammenarbeit mit:<\/strong><\/p>\n\n\n\n<p>Mit allen Ressorts der Bereiche Elektrik und Mechanik<\/p>\n\n\n\n<p><strong>Was du bei uns lernen kannst:<\/strong><\/p>\n\n\n\n<ul class=\"wp-block-list\">\n<li>effektive Zusammenarbeit mit andere Teammitgliedern<\/li>\n\n\n\n<li>Konzeption und Implementierung von Funktionalit\u00e4ten mit unterschiedlicher Komplexit\u00e4t<\/li>\n<\/ul>\n\n\n\n<h4 class=\"wp-block-heading\"><strong><strong><mark style=\"background-color:#d81c22\" class=\"has-inline-color has-white-color\">Bereich Driverless<\/mark><\/strong><\/strong><\/h4>\n\n\n\n<p>Wir k\u00fcmmern uns um autonomes Fahren, die Serverinfrastruktur und die Telemetrie.<\/p>\n\n\n\n<p><strong>Vorkenntnisse und Interessen:<\/strong><\/p>\n\n\n\n<p>Bei uns dreht sich alles um Informatik und Technologie, deshalb solltest du etwas Leidenschaft daf\u00fcr mitbringen, Programmierkenntnisse sind au\u00dferdem vorteilhaft, aber kein Muss.<\/p>\n\n\n\n<p><strong>Ressort Highlight:<\/strong><\/p>\n\n\n\n<p>An einem gro\u00dfen Projekt gemeinsam arbeiten und nach Abschluss die erfolgreichen Ergebnisse sehen.<\/p>\n\n\n\n<p><strong>Deine Aufgaben:<\/strong><\/p>\n\n\n\n<ul class=\"wp-block-list\">\n<li>Instandhaltung Server Infrastruktur und Vereinswebsite<\/li>\n\n\n\n<li>Telemetrie-App: In Python geschrieben, versendet Nachrichten von einem CAN-Bus \u00fcber WLAN<\/li>\n\n\n\n<li>Core Projekt: Pfadberechnungen und Kommunikation mit dem Auto, KI zur Bilderkennung&nbsp;<\/li>\n<\/ul>\n\n\n\n<p><strong>Zusammenarbeit mit:<\/strong><\/p>\n\n\n\n<ul class=\"wp-block-list\">\n<li>Ressort Kabelbaum<\/li>\n\n\n\n<li>Ressort VCU &amp; CAN<\/li>\n\n\n\n<li>Ressort Mechanik<\/li>\n<\/ul>\n\n\n\n<p><strong>Was du bei uns lernen kannst:<\/strong><\/p>\n\n\n\n<ul class=\"wp-block-list\">\n<li>Praxiserfahrungen mit verschiedenen Technologien (mqtt, yolo, ros, Python)<\/li>\n\n\n\n<li>Etablierte Arbeitsweisen (git, workflows, scrum)<\/li>\n<\/ul>\n\n\n\n<h4 class=\"wp-block-heading\"><strong><strong><mark style=\"background-color:#d81c22\" class=\"has-inline-color has-white-color\">Bereiche Wirtschaft<\/mark><\/strong><\/strong><\/h4>\n\n\n\n<p><strong><mark style=\"background-color:#d81c22\" class=\"has-inline-color has-white-color\">Marketing und Design<\/mark><\/strong><\/p>\n\n\n\n<p>Hier k\u00fcmmerst du dich um die Pr\u00e4sentation unseres Vereins nach au\u00dfen, designst Teamwear oder k\u00fcmmerst dich um unsere Social Media Pr\u00e4senz.<\/p>\n\n\n\n<p><strong>Vorkenntnisse und Interessen:<\/strong><\/p>\n\n\n\n<p>Es ist von Vorteil, wenn du dich bereits etwas mit den g\u00e4ngigen Design Programmen auskennst, falls nicht, lernst du es bei uns. Du solltest kreativ sein und Spa\u00df daran haben Neues auszuprobieren, auch wenn dir kreatives Schreiben Spa\u00df macht, bist du bei uns richtig aufgehoben.<\/p>\n\n\n\n<p><strong>Ressort Highlight:<\/strong><\/p>\n\n\n\n<p>Das eigene Design im Print sehen oder den von dir geschriebenen Text ver\u00f6ffentlichen k\u00f6nnen.<\/p>\n\n\n\n<p><strong>Deine Aufgaben:<\/strong><\/p>\n\n\n\n<ul class=\"wp-block-list\">\n<li>Erstellen von Social Media Beitr\u00e4gen und Betreuung unserer Accounts<\/li>\n\n\n\n<li>Erstellen von Foto- und Videoaufnahmen<\/li>\n\n\n\n<li>\u00d6ffentlichkeitsarbeit<\/li>\n<\/ul>\n\n\n\n<p><strong>Zusammenarbeit mit:<\/strong><\/p>\n\n\n\n<ul class=\"wp-block-list\">\n<li>mit allen Ressorts<\/li>\n<\/ul>\n\n\n\n<p><strong>Was du bei uns lernen kannst:<\/strong><\/p>\n\n\n\n<ul class=\"wp-block-list\">\n<li>Managen eines Social Media Accounts<\/li>\n\n\n\n<li>Umgang mit verschiedenen Programmen wie der Adobe Creative Cloud oder Canva<\/li>\n\n\n\n<li> Auswahl und Bearbeitung von Bildern<\/li>\n<\/ul>\n\n\n\n<p><strong><mark style=\"background-color:#d81c22\" class=\"has-inline-color has-white-color\">Eventmanagement<\/mark><\/strong><\/p>\n\n\n\n<p>Bei uns kannst du Teil der Planung und Umsetzung von verschiedenen Events sein.<\/p>\n\n\n\n<p><strong>Vorkenntnisse und Interessen:<\/strong><\/p>\n\n\n\n<p>Du ben\u00f6tigst keine bestimmten Vorkenntnisse. Wenn dich Planen und Organisieren interessiert, bist du hier richtig.<\/p>\n\n\n\n<p><strong>Ressort Highlights:<\/strong><\/p>\n\n\n\n<p>Ein eigenes Event auf die Beine stellen k\u00f6nnen.<\/p>\n\n\n\n<p><strong>Deine Aufgaben:<\/strong><\/p>\n\n\n\n<ul class=\"wp-block-list\">\n<li>Planung, Organisation und Umsetzung von Veranstaltungen, wie Messeteilnahmen, Informationsveranstaltungen, Sponsorenevents, Rollout, Formula Student Events&nbsp;<\/li>\n\n\n\n<li>Organisieren von Teambuilding Events z. B. Teamh\u00fctte, Ausfl\u00fcge, Besuche bei anderen FS Teams<\/li>\n\n\n\n<li>Organisieren von Ressourcen f\u00fcr die Events und Personalmanagement<\/li>\n<\/ul>\n\n\n\n<p><strong>Zusammenarbeit mit:<\/strong><\/p>\n\n\n\n<ul class=\"wp-block-list\">\n<li>mit allen Ressorts<\/li>\n<\/ul>\n\n\n\n<p><strong>Was du bei uns lernen kannst:<\/strong><\/p>\n\n\n\n<ul class=\"wp-block-list\">\n<li>Praxiserfahrung im Planen und Organisieren<\/li>\n\n\n\n<li>Verteilung von Aufgaben durchsetzen und \u00fcberwachen<\/li>\n\n\n\n<li>Blick f\u00fcr richtige Planung und Umsetzung<\/li>\n<\/ul>\n\n\n\n<p><strong><mark style=\"background-color:#d81c22\" class=\"has-inline-color has-white-color\">Sponsoring<\/mark><\/strong><\/p>\n\n\n\n<p>In diesem Ressort k\u00fcmmerst du dich um die Unterst\u00fctzersuche f\u00fcr unseren Verein, akquirierst potenzielle Partner und pflegst Kontakte mit den bereits bestehenden.&nbsp;<\/p>\n\n\n\n<p><strong>Vorkenntnisse und Interessen<\/strong><\/p>\n\n\n\n<p>Du ben\u00f6tigst keine bestimmten Vorkenntnisse. Formulierungssicherheit beim Schreiben von E-Mails, grundlegende Kenntnisse in Microsoft Office, sowie Kontaktfreudigkeit sowohl schriftlich als auch bei Telefonaten ist von Vorteil. Du solltest au\u00dferdem ein breitgef\u00e4chertes Interesse am Auto mitbringen.<\/p>\n\n\n\n<p><strong>Ressort Highlight:<\/strong><\/p>\n\n\n\n<p>Kontakt zu Sponsoren kn\u00fcpfen und Unternehmen kennenlernen (z.B. bei Kontaktevents oder Sponsorenterminen)<\/p>\n\n\n\n<p><strong>Deine Aufgaben:<\/strong><\/p>\n\n\n\n<ul class=\"wp-block-list\">\n<li>Sponsorenakquise&nbsp;<\/li>\n\n\n\n<li>Sponsoren-Betreuung, Sponsorenbesuche<\/li>\n\n\n\n<li>Erstellen von Sponsoringmaterialien&nbsp;<\/li>\n<\/ul>\n\n\n\n<p><strong>Zusammenarbeit mit:<\/strong><\/p>\n\n\n\n<p>Mit allen Ressorts&nbsp;<\/p>\n\n\n\n<p><strong>Was du bei uns lernen kannst:<\/strong><\/p>\n\n\n\n<ul class=\"wp-block-list\">\n<li>Aufbau von Sponsorenbeziehungen<\/li>\n\n\n\n<li>Umgang mit Sponsoren<\/li>\n\n\n\n<li>Unternehmensabl\u00e4ufe<\/li>\n<\/ul>\n\n\n\n<p><strong><mark style=\"background-color:#d81c22\" class=\"has-inline-color has-white-color\">Statics <\/mark><\/strong><\/p>\n\n\n\n<p><strong><mark style=\"background-color:#d81c22\" class=\"has-inline-color has-white-color\">Business Plan<\/mark><\/strong><\/p>\n\n\n\n<p>Dieses Ressort k\u00fcmmert sich um die Erarbeitung und Gestaltung einer englischsprachigen Pr\u00e4sentation, sowie den Pitch eines hypothetischen Gesch\u00e4ftsplans f\u00fcr potenzielle Investoren. Diese muss auf offiziellen Wettbewerben pr\u00e4sentiert werden.&nbsp;<\/p>\n\n\n\n<p><strong>Vorkenntnisse und Interessen:<\/strong><\/p>\n\n\n\n<p>In unserem Ressort wird ein gewisses Ma\u00df an Businessenglisch vorausgesetzt, ansonsten ben\u00f6tigst du aber keine Vorkenntnisse, Erfahrungen im Video Schnitt, Power Point und Excel sind aber hilfreich. Da wir viel im Team arbeiten ist es wichtig, dass du auch ein Teamplayer bist.<\/p>\n\n\n\n<p><strong>Ressort Highlights:<\/strong><\/p>\n\n\n\n<p>Die Erfolge eines guten Businessplans, das Sammeln von Punkten und der Beitrag zum Team.&nbsp;<\/p>\n\n\n\n<p><strong>Deine Aufgaben:<\/strong><\/p>\n\n\n\n<p>Gestaltung eines hypothetischen Gesch\u00e4ftsplans, inklusive:<\/p>\n\n\n\n<ul class=\"wp-block-list\">\n<li>Produktvorstellung<\/li>\n\n\n\n<li>Organisation<\/li>\n\n\n\n<li>Marketing- und Vertrieb<\/li>\n<\/ul>\n\n\n\n<p><strong>Zusammenarbeit mit:<\/strong><\/p>\n\n\n\n<ul class=\"wp-block-list\">\n<li>Ressort Cost Report<\/li>\n<\/ul>\n\n\n\n<p><strong>Was du bei uns lernen kannst:<\/strong><\/p>\n\n\n\n<ul class=\"wp-block-list\">\n<li>Erstellen eines Business Plans<\/li>\n\n\n\n<li>Strukturiertes und systematisches Vorgehe<\/li>\n<\/ul>\n\n\n\n<p><strong><mark style=\"background-color:#d81c22\" class=\"has-inline-color has-white-color\">Cost Report<\/mark><\/strong><\/p>\n\n\n\n<p>Dieses Ressort k\u00fcmmert sich um die Feststellung der einzelnen Kostenpunkte an unserem Rennwagen. Dieser Report muss auf offiziellen Wettbewerben pr\u00e4sentiert werden.&nbsp;<\/p>\n\n\n\n<p><strong>Vorkenntnisse und Interessen:<\/strong><\/p>\n\n\n\n<p>Bei uns ist eine analytische Pr\u00e4disposition von Vorteil, so wie ein sicherer Umgang mit Microsoft Office, du solltest au\u00dferdem ein Interesse am Umgang mit Zahlen und dem gesamten Fahrzeug mit dessen Komponenten mitbringen.<\/p>\n\n\n\n<p><strong>Ressort Highlight:<\/strong><\/p>\n\n\n\n<p>M\u00f6glichkeit, den vollendeten Cost Report mit allen Beteiligten auf den Formula Student Events zu pr\u00e4sentieren und Punkte f\u00fcrs Team zu sammeln.&nbsp;<\/p>\n\n\n\n<p><strong>Deine Aufgaben:<\/strong><\/p>\n\n\n\n<ul class=\"wp-block-list\">\n<li>Erstellen eines Bill of Material unseres Autos<\/li>\n\n\n\n<li>Detailed\/Costed Bill of Material f\u00fcr spezielle, vom FSG Regelwerk vorgegebene Baugruppen vom Auto<\/li>\n\n\n\n<li>Sicherstellen der Vollst\u00e4ndigkeit der Listen<\/li>\n<\/ul>\n\n\n\n<p><strong>Zusammenarbeit mit:<\/strong><\/p>\n\n\n\n<ul class=\"wp-block-list\">\n<li>mit allen Ressorts<\/li>\n<\/ul>\n\n\n\n<p><strong>Was du bei uns lernen kannst:<\/strong><\/p>\n\n\n\n<ul class=\"wp-block-list\">\n<li>St\u00fccklistenaufstellung<\/li>\n\n\n\n<li>Auseinandersetzung mit Make- or Buy- Decisions<\/li>\n\n\n\n<li>Kostenkalkulation<\/li>\n<\/ul>\n\n\n\n<h4 class=\"wp-block-heading\"><strong><strong><mark style=\"background-color:#d81c22\" class=\"has-inline-color has-white-color\">M\u00f6glichkeiten<\/mark><\/strong><\/strong><\/h4>\n\n\n\n<p>We also regularly offer final theses and project work, which you can have credited towards your degree programme. You can either suggest the topic for a thesis yourself or work on a set of tasks provided by us.<\/p>\n\n\n\n<p>Below you will find information on the individual areas in which our project is organised and if there is a point that particularly appeals to you, you can simply contact the responsible area manager. Due to the large number of different tasks, we can create specially tailored areas of responsibility for each degree programme and for all students.<br>F\u00fcr eine unverbindliche Bewerbung schreibt eine Mail an info@infinityracing.de.<\/p>\n\n\n\n<p>Write us a message with the areas you are interested in and the respective area managers will get back to you as soon as possible. <\/p>","protected":false},"excerpt":{"rendered":"<p>Du studierst schon an der Hochschule Kempten oder beginnst dein Studium in der n\u00e4chsten Zeit? Du willst neben dem Studium Praxiserfahrung sammeln? Du ben\u00f6tigst das gewisse Etwas um dich bei sp\u00e4teren Bewerbungen von anderen abzuheben? Dann bist hier genau richtig! Infinity Racing ist das Formula Student Team der Hochschule Kempten. [&hellip;]<\/p>","protected":false},"author":2,"featured_media":2054,"parent":0,"menu_order":0,"comment_status":"closed","ping_status":"closed","template":"","meta":{"footnotes":""},"class_list":["post-962","page","type-page","status-publish","has-post-thumbnail","hentry"],"_links":{"self":[{"href":"https:\/\/infinityracing.de\/en\/wp-json\/wp\/v2\/pages\/962","targetHints":{"allow":["GET"]}}],"collection":[{"href":"https:\/\/infinityracing.de\/en\/wp-json\/wp\/v2\/pages"}],"about":[{"href":"https:\/\/infinityracing.de\/en\/wp-json\/wp\/v2\/types\/page"}],"author":[{"embeddable":true,"href":"https:\/\/infinityracing.de\/en\/wp-json\/wp\/v2\/users\/2"}],"replies":[{"embeddable":true,"href":"https:\/\/infinityracing.de\/en\/wp-json\/wp\/v2\/comments?post=962"}],"version-history":[{"count":52,"href":"https:\/\/infinityracing.de\/en\/wp-json\/wp\/v2\/pages\/962\/revisions"}],"predecessor-version":[{"id":3005,"href":"https:\/\/infinityracing.de\/en\/wp-json\/wp\/v2\/pages\/962\/revisions\/3005"}],"wp:featuredmedia":[{"embeddable":true,"href":"https:\/\/infinityracing.de\/en\/wp-json\/wp\/v2\/media\/2054"}],"wp:attachment":[{"href":"https:\/\/infinityracing.de\/en\/wp-json\/wp\/v2\/media?parent=962"}],"curies":[{"name":"wp","href":"https:\/\/api.w.org\/{rel}","templated":true}]}}