{"id":714,"date":"2020-10-18T17:15:23","date_gmt":"2020-10-18T17:15:23","guid":{"rendered":"http:\/\/infinityracing.de\/?page_id=714"},"modified":"2024-01-07T19:27:17","modified_gmt":"2024-01-07T19:27:17","slug":"software","status":"publish","type":"page","link":"https:\/\/infinityracing.de\/en\/fahrzeug\/software\/","title":{"rendered":"Software"},"content":{"rendered":"<h2 class=\"wp-block-heading\">Driving dynamics control<\/h2>\n\n\n\n<div class=\"wp-block-group\"><div class=\"wp-block-group__inner-container is-layout-flow wp-block-group-is-layout-flow\">\n<div class=\"wp-block-columns is-layout-flex wp-container-core-columns-is-layout-28f84493 wp-block-columns-is-layout-flex\">\n<div class=\"wp-block-column is-layout-flow wp-block-column-is-layout-flow\" style=\"flex-basis:100%\">\n<div class=\"wp-block-columns is-layout-flex wp-container-core-columns-is-layout-28f84493 wp-block-columns-is-layout-flex\">\n<div class=\"wp-block-column is-layout-flow wp-block-column-is-layout-flow\">\n<p>In terms of driving dynamics, the all-wheel drive with four individual engines offers great advantages:<\/p>\n\n\n\n<p>Not only is the transmittable longitudinal force greater due to the four driven wheels, but also driving dynamics control systems such as ESP or ASR, which can only be realised with additional actuators in vehicles with a combustion engine, can be easily implemented in an electric vehicle with single-wheel drive.<\/p>\n<\/div>\n\n\n\n<div class=\"wp-block-column is-layout-flow wp-block-column-is-layout-flow\">\n<figure class=\"wp-block-image size-large\"><img loading=\"lazy\" decoding=\"async\" width=\"1024\" height=\"576\" src=\"http:\/\/infinityracing.de\/wp-content\/uploads\/2021\/06\/Bild_Website_Fahrdynamik-1024x576.jpg\" alt=\"\" class=\"wp-image-1155\" srcset=\"https:\/\/infinityracing.de\/wp-content\/uploads\/2021\/06\/Bild_Website_Fahrdynamik-1024x576.jpg 1024w, https:\/\/infinityracing.de\/wp-content\/uploads\/2021\/06\/Bild_Website_Fahrdynamik-300x169.jpg 300w, https:\/\/infinityracing.de\/wp-content\/uploads\/2021\/06\/Bild_Website_Fahrdynamik-768x432.jpg 768w, https:\/\/infinityracing.de\/wp-content\/uploads\/2021\/06\/Bild_Website_Fahrdynamik.jpg 1280w\" sizes=\"auto, (max-width: 1024px) 100vw, 1024px\" \/><\/figure>\n<\/div>\n<\/div>\n<\/div>\n<\/div>\n\n\n\n<p>In particular, torque vectoring can be used to continuously influence the driving behaviour. By actively distributing the torque to the individual motors, an additional yaw moment is generated on the vehicle, i.e. additional torque around the vertical axis. Torque vectoring can increase the performance of the vehicle, and the desired driving behaviour can be set and adapted for each driver.<\/p>\n\n\n\n<p>The driving dynamics control in our electric racing car includes several functionalities:<\/p>\n\n\n\n<ul class=\"wp-block-list\"><li>Yaw rate control through torque vectoring<\/li><li>&nbsp;Traction control<\/li><li>Adjustable steering tendency of the vehicle, i.e. specification of understeer or oversteer behaviour<\/li><li>Higher possible lateral acceleration due to optimum utilisation of tyre traction<\/li><li>Recuperative braking<\/li><\/ul>\n<\/div><\/div>\n\n\n\n<div class=\"wp-block-group\"><div class=\"wp-block-group__inner-container is-layout-flow wp-block-group-is-layout-flow\">\n<h2 class=\"wp-block-heading\">Autonomes System<\/h2>\n<\/div><\/div>\n\n\n\n<figure class=\"wp-block-video\"><video controls src=\"http:\/\/infinityracing.de\/wp-content\/uploads\/2020\/10\/Media1.mp4\"><\/video><\/figure>\n\n\n\n<div class=\"wp-block-group\"><div class=\"wp-block-group__inner-container is-layout-flow wp-block-group-is-layout-flow\"><\/div><\/div>","protected":false},"excerpt":{"rendered":"<p>Fahrdynamikregelung Fahrdynamisch bietet der Allradantrieb \u00fcber vier einzelne Motoren gro\u00dfe Vorteile: Nicht nur ist die \u00fcbertragbare L\u00e4ngskraft durch die vier angetriebenen R\u00e4der gr\u00f6\u00dfer, auch Fahrdynamikregelsysteme wie ESP oder ASR, die in Fahrzeugen mit Verbrennungsmotor nur \u00fcber zus\u00e4tzliche Aktorik realisiert werden k\u00f6nnen, lassen sich im Elektrofahrzeug mit Einzelradantrieb einfach implementieren. Insbesondere [&hellip;]<\/p>","protected":false},"author":1,"featured_media":2291,"parent":1686,"menu_order":0,"comment_status":"closed","ping_status":"closed","template":"","meta":{"footnotes":""},"class_list":["post-714","page","type-page","status-publish","has-post-thumbnail","hentry"],"_links":{"self":[{"href":"https:\/\/infinityracing.de\/en\/wp-json\/wp\/v2\/pages\/714","targetHints":{"allow":["GET"]}}],"collection":[{"href":"https:\/\/infinityracing.de\/en\/wp-json\/wp\/v2\/pages"}],"about":[{"href":"https:\/\/infinityracing.de\/en\/wp-json\/wp\/v2\/types\/page"}],"author":[{"embeddable":true,"href":"https:\/\/infinityracing.de\/en\/wp-json\/wp\/v2\/users\/1"}],"replies":[{"embeddable":true,"href":"https:\/\/infinityracing.de\/en\/wp-json\/wp\/v2\/comments?post=714"}],"version-history":[{"count":1,"href":"https:\/\/infinityracing.de\/en\/wp-json\/wp\/v2\/pages\/714\/revisions"}],"predecessor-version":[{"id":2297,"href":"https:\/\/infinityracing.de\/en\/wp-json\/wp\/v2\/pages\/714\/revisions\/2297"}],"up":[{"embeddable":true,"href":"https:\/\/infinityracing.de\/en\/wp-json\/wp\/v2\/pages\/1686"}],"wp:featuredmedia":[{"embeddable":true,"href":"https:\/\/infinityracing.de\/en\/wp-json\/wp\/v2\/media\/2291"}],"wp:attachment":[{"href":"https:\/\/infinityracing.de\/en\/wp-json\/wp\/v2\/media?parent=714"}],"curies":[{"name":"wp","href":"https:\/\/api.w.org\/{rel}","templated":true}]}}