{"id":706,"date":"2020-10-18T17:09:18","date_gmt":"2020-10-18T17:09:18","guid":{"rendered":"http:\/\/infinityracing.de\/?page_id=706"},"modified":"2024-01-07T19:22:00","modified_gmt":"2024-01-07T19:22:00","slug":"chassis","status":"publish","type":"page","link":"https:\/\/infinityracing.de\/en\/fahrzeug\/chassis\/","title":{"rendered":"Chassis"},"content":{"rendered":"<h2 class=\"wp-block-heading\">Monocoque<\/h2>\n\n\n\n<p>The chassis ensures ergonomics and safety for the driver. It is the centrepiece of the chassis and serves as a connection for the suspension, aerodynamics and pedal box. For the first time, we have opted for a full monocoque, which allows us to dispense with a frame at the rear. The battery and inverter are located behind the driver.<\/p>\n\n\n\n<div class=\"wp-block-columns is-layout-flex wp-container-core-columns-is-layout-28f84493 wp-block-columns-is-layout-flex\">\n<div class=\"wp-block-column is-layout-flow wp-block-column-is-layout-flow\">\n<div id=\"wp-block-themeisle-blocks-slider-3226a526\" class=\"wp-block-themeisle-blocks-slider glide\" data-per-view=\"1\" data-gap=\"0\" data-peek=\"0\" data-autoplay=\"true\" data-height=\"401px\" data-hide-arrows=\"false\"><div class=\"glide__track\" data-glide-el=\"track\"><div class=\"glide__slides\"><div class=\"wp-block-themeisle-blocks-slider-item-wrapper glide__slide\" tabindex=\"0\"><figure><img decoding=\"async\" class=\"wp-block-themeisle-blocks-slider-item\" src=\"http:\/\/infinityracing.de\/wp-content\/uploads\/2021\/05\/mono_silicia1.png\" alt=\"\" title=\"\" data-id=\"1031\"\/><\/figure><\/div><div class=\"wp-block-themeisle-blocks-slider-item-wrapper glide__slide\" tabindex=\"0\"><figure><img decoding=\"async\" class=\"wp-block-themeisle-blocks-slider-item\" src=\"http:\/\/infinityracing.de\/wp-content\/uploads\/2021\/05\/Bild04.png\" alt=\"\" title=\"\" data-id=\"1030\"\/><\/figure><\/div><div class=\"wp-block-themeisle-blocks-slider-item-wrapper glide__slide\" tabindex=\"0\"><figure><img decoding=\"async\" class=\"wp-block-themeisle-blocks-slider-item\" src=\"http:\/\/infinityracing.de\/wp-content\/uploads\/2021\/05\/mono2-2.png\" alt=\"\" title=\"\" data-id=\"1027\"\/><\/figure><\/div><\/div><div class=\"glide__bullets\" data-glide-el=\"controls[nav]\"><button class=\"glide__bullet\" data-glide-dir=\"=0\"><\/button><button class=\"glide__bullet\" data-glide-dir=\"=1\"><\/button><button class=\"glide__bullet\" data-glide-dir=\"=2\"><\/button><\/div><\/div><\/div>\n<\/div>\n\n\n\n<div class=\"wp-block-column is-layout-flow wp-block-column-is-layout-flow\">\n<ul class=\"wp-block-list\"><li>One-piece laminated full monocoque made of prepreg carbon and aluminium honeycomb in sandwich construction using autoclave technology<\/li><li>Crash box at the front with anti-intrusion plate made of carbon-aramid hybrid and impact attenuator in the form of an aluminium honeycomb<\/li><li>Front hoop made of 6-piece, bent aluminium welded construction to save weight and achieve design freedom<\/li><\/ul>\n\n\n\n<p><\/p>\n<\/div>\n<\/div>\n\n\n\n<div class=\"wp-block-columns is-layout-flex wp-container-core-columns-is-layout-28f84493 wp-block-columns-is-layout-flex\">\n<div class=\"wp-block-column is-layout-flow wp-block-column-is-layout-flow\">\n<ul class=\"wp-block-list\"><li>Monocoque demoulding through 6 main moulds to gain more design freedom and allow partial reworking for future vehicles<\/li><li>Shifting the main hop to the inside of the vehicle to minimise aerodynamic turbulence<\/li><\/ul>\n<\/div>\n\n\n\n<div class=\"wp-block-column is-layout-flow wp-block-column-is-layout-flow\">\n<div id=\"wp-block-themeisle-blocks-slider-bf51a5e3\" class=\"wp-block-themeisle-blocks-slider glide\" data-per-view=\"1\" data-gap=\"0\" data-peek=\"0\" data-autoplay=\"true\" data-height=\"400px\" data-hide-arrows=\"false\"><div class=\"glide__track\" data-glide-el=\"track\"><div class=\"glide__slides\"><div class=\"wp-block-themeisle-blocks-slider-item-wrapper glide__slide\" tabindex=\"0\"><figure><img decoding=\"async\" class=\"wp-block-themeisle-blocks-slider-item\" src=\"http:\/\/infinityracing.de\/wp-content\/uploads\/2021\/05\/Bild07.png\" alt=\"\" title=\"\" data-id=\"1068\"\/><\/figure><\/div><div class=\"wp-block-themeisle-blocks-slider-item-wrapper glide__slide\" tabindex=\"0\"><figure><img decoding=\"async\" class=\"wp-block-themeisle-blocks-slider-item\" src=\"http:\/\/infinityracing.de\/wp-content\/uploads\/2021\/05\/Bild06.png\" alt=\"\" title=\"\" data-id=\"1067\"\/><\/figure><\/div><div class=\"wp-block-themeisle-blocks-slider-item-wrapper glide__slide\" tabindex=\"0\"><figure><img decoding=\"async\" class=\"wp-block-themeisle-blocks-slider-item\" src=\"http:\/\/infinityracing.de\/wp-content\/uploads\/2021\/05\/Bild05.png\" alt=\"\" title=\"\" data-id=\"1066\"\/><\/figure><\/div><\/div><div class=\"glide__bullets\" data-glide-el=\"controls[nav]\"><button class=\"glide__bullet\" data-glide-dir=\"=0\"><\/button><button class=\"glide__bullet\" data-glide-dir=\"=1\"><\/button><button class=\"glide__bullet\" data-glide-dir=\"=2\"><\/button><\/div><\/div><\/div>\n<\/div>\n<\/div>\n\n\n\n<h2 class=\"wp-block-heading\">Pedal box<\/h2>\n\n\n\n<div class=\"wp-block-columns is-layout-flex wp-container-core-columns-is-layout-28f84493 wp-block-columns-is-layout-flex\">\n<div class=\"wp-block-column is-layout-flow wp-block-column-is-layout-flow\">\n<figure class=\"wp-block-image size-large\"><img loading=\"lazy\" decoding=\"async\" width=\"1024\" height=\"582\" src=\"http:\/\/infinityracing.de\/wp-content\/uploads\/2020\/10\/Pedalbox_7-1024x582.png\" alt=\"\" class=\"wp-image-774\" srcset=\"https:\/\/infinityracing.de\/wp-content\/uploads\/2020\/10\/Pedalbox_7-1024x582.png 1024w, https:\/\/infinityracing.de\/wp-content\/uploads\/2020\/10\/Pedalbox_7-300x171.png 300w, https:\/\/infinityracing.de\/wp-content\/uploads\/2020\/10\/Pedalbox_7-768x437.png 768w, https:\/\/infinityracing.de\/wp-content\/uploads\/2020\/10\/Pedalbox_7-1536x874.png 1536w, https:\/\/infinityracing.de\/wp-content\/uploads\/2020\/10\/Pedalbox_7.png 1920w\" sizes=\"auto, (max-width: 1024px) 100vw, 1024px\" \/><\/figure>\n<\/div>\n\n\n\n<div class=\"wp-block-column is-layout-flow wp-block-column-is-layout-flow\">\n<ul class=\"wp-block-list\"><li>Bracket integrated directly into the monocoque to minimise installation size<\/li><li>Quick adjustment to adapt the pedal box to different drivers<\/li><li>Option to adjust the brake balance between the front and rear axle<\/li><li>Sensor integrated on the brake pedal for recuperation<\/li><li>Actuators for autonomous driving on the brake pedal<\/li><\/ul>\n<\/div>\n<\/div>","protected":false},"excerpt":{"rendered":"<p>Monocoque Das Chassis stellt Ergonomie und Sicherheit f\u00fcr den Fahrer sicher. Es ist Herzst\u00fcck des Fahrwerks und dient als Anbindung f\u00fcr Fahrwerk, Aerodynamik oder die Pedalbox. Erstmals sezten wir dabei auf ein Voll-Monocoque, welches uns erlaubt auf einen Rahmen am Heck zu verzichten. Akku und Inverter finden hinter dem Fahrer [&hellip;]<\/p>","protected":false},"author":1,"featured_media":2286,"parent":1686,"menu_order":0,"comment_status":"closed","ping_status":"closed","template":"page-templates\/template-fullwidth.php","meta":{"footnotes":""},"class_list":["post-706","page","type-page","status-publish","has-post-thumbnail","hentry"],"_links":{"self":[{"href":"https:\/\/infinityracing.de\/en\/wp-json\/wp\/v2\/pages\/706","targetHints":{"allow":["GET"]}}],"collection":[{"href":"https:\/\/infinityracing.de\/en\/wp-json\/wp\/v2\/pages"}],"about":[{"href":"https:\/\/infinityracing.de\/en\/wp-json\/wp\/v2\/types\/page"}],"author":[{"embeddable":true,"href":"https:\/\/infinityracing.de\/en\/wp-json\/wp\/v2\/users\/1"}],"replies":[{"embeddable":true,"href":"https:\/\/infinityracing.de\/en\/wp-json\/wp\/v2\/comments?post=706"}],"version-history":[{"count":1,"href":"https:\/\/infinityracing.de\/en\/wp-json\/wp\/v2\/pages\/706\/revisions"}],"predecessor-version":[{"id":2288,"href":"https:\/\/infinityracing.de\/en\/wp-json\/wp\/v2\/pages\/706\/revisions\/2288"}],"up":[{"embeddable":true,"href":"https:\/\/infinityracing.de\/en\/wp-json\/wp\/v2\/pages\/1686"}],"wp:featuredmedia":[{"embeddable":true,"href":"https:\/\/infinityracing.de\/en\/wp-json\/wp\/v2\/media\/2286"}],"wp:attachment":[{"href":"https:\/\/infinityracing.de\/en\/wp-json\/wp\/v2\/media?parent=706"}],"curies":[{"name":"wp","href":"https:\/\/api.w.org\/{rel}","templated":true}]}}