{"id":686,"date":"2020-10-18T16:51:32","date_gmt":"2020-10-18T16:51:32","guid":{"rendered":"http:\/\/infinityracing.de\/?page_id=686"},"modified":"2024-05-21T19:43:20","modified_gmt":"2024-05-21T19:43:20","slug":"ueber-uns","status":"publish","type":"page","link":"https:\/\/infinityracing.de\/en\/ueber-uns\/","title":{"rendered":"\u00dcber Uns"},"content":{"rendered":"<div class=\"wp-block-buttons is-horizontal is-content-justification-center is-layout-flex wp-container-core-buttons-is-layout-03627597 wp-block-buttons-is-layout-flex\">\n<div class=\"wp-block-button is-style-fill\"><a class=\"wp-block-button__link has-white-color has-accent-background-color has-text-color has-background wp-element-button\" href=\"http:\/\/infinityracing.de\/en\/werde-mitglied\/\">JOIN IN<\/a><\/div>\n<\/div>\n\n\n\n<hr class=\"wp-block-separator has-css-opacity\"\/>\n\n\n\n<p>The era of TOMSOI began with the founding of Infinity Racing in 2007. In 14 years, 12 combustion vehicles and the team as it presents itself today were built up. With ups and downs, the TOMSOI has changed a lot from the first prototype to the current development.<\/p>\n\n\n\n<p>In August 2020, Infinity decided to make a complete change and therefore decided that the TOMSOI XII, which was developed and built during the coronavirus seasons from 2019 to 2021, would be the last car of its kind. This was the starting signal for the development of a completely new vehicle, as not only the drivetrain had to be modified, but the chassis, suspension and bodywork also had to be adapted for the electric drive. Furthermore, many new areas and working groups have been added and existing ones have expanded and require greater effort.<\/p>\n\n\n\n<p>A new development entails many tasks, so we are very grateful to our loyal and new sponsors for tackling the project with us.<\/p>\n\n\n\n<p>However, the biggest factor for our team in developing a driving racing car is the members, who are 100 per cent students. It doesn't matter which degree programme they are enrolled in. Tourism students help with the chassis production, members of the electrical engineering faculty take care of the finances and economics students design the chassis. <\/p>\n\n\n\n<p>Use the button at the top of this page to find more detailed descriptions of all areas of responsibility and to get in touch with us. <\/p>\n\n\n\n<div class=\"wp-block-group alignwide\"><div class=\"wp-block-group__inner-container is-layout-flow wp-block-group-is-layout-flow\">\n<div class=\"wp-block-group\"><div class=\"wp-block-group__inner-container is-layout-flow wp-block-group-is-layout-flow\">\n<div class=\"wp-block-image\"><figure class=\"aligncenter size-large\">\n<svg id=\"clickable-detailview\" xmlns=\"http:\/\/www.w3.org\/2000\/svg\" xmlns:xlink=\"http:\/\/www.w3.org\/1999\/xlink\" viewbox=\"0 0 2560 1282\" width=\"900\">\n  <defs>\n    <style>\n      #clickable-detailview {\n        background-image: url(http:\/\/infinityracing.de\/wp-content\/uploads\/2021\/09\/Silicia_web_main_black2-scaled.jpg);\n        background-size: 100% 100%;\n        background-repeat: no-repeat;\n        max-width: 900px;\n        width: 100%;\n      }\n\n      .click-detail {\n        fill: transparent;\n        cursor: pointer;\n        transition: fill 0.2s\n      }\n\n      svg a:focus,\n      svg a:hover {\n        outline: none;\n      }\n\n      svg a:focus path,\n      svg a:hover path {\n        fill: rgba(255, 105, 180, 0.25);\n        cursor: pointer;\n      }\n\n    <\/style>\n  <\/defs>\n  <g>\n    <title>Aerodynamik<\/title>\n    <a xlink:href=\"http:\/\/infinityracing.de\/projekt-e\/aerodynamik\/\" target=\"_blank\" rel=\"noopener\">\n      <path class=\"click-detail\" d=\"m 2115.625,562.5 33.9844,-76.95312 42.9687,-121.48438 5.8594,-187.5 -0.9512,-5.62082 -2.555,-1.45012 -2.2443,1.10486 -3.5268,6.89382 -359.5703,-37.23145 -0.1221,-4.3457 -1.1719,-3.68653 -1.2695,-1.48925 -3.0762,-0.0733 L 1750.1953,300 l -7.4219,29.10156 3.5157,7.61719 3.5156,11.32813 5.4687,21.67968 2.3438,22.26563 1.3672,21.48437 0.7812,29.10157 0.1953,26.36718 10.7422,19.33594 9.5703,19.92188 9.5704,23.24219 2.9296,-1.17188 20.8985,-48.82813 313.0859,32.42188 -8.0078,28.125 -6.6406,20.89844 2.3437,2.14844 z\" id=\"Heckfluegel\"><\/path>\n      <path class=\"click-detail\" d=\"m 1817.4854,653.79756 v 99.71311 l 2.4859,8.83883 13.8107,13.53447 6.9053,4.97184 20.4399,6.62913 3.3145,0.82864 9.6675,6.0767 8.5626,3.86699 11.3248,-0.27622 18.5063,-4.97184 38.9461,-5.52427 14.0869,-11.32476 4.4194,-4.41942 -2.7621,-100.81796 -24.8593,-16.84902 -24.8592,-7.73398 -29.2786,-3.59078 -40.3272,-0.82864 -10.4961,2.48592 z\" id=\"Nase\"><\/path>\n      <path class=\"click-detail\" d=\"m 1618.3594,704.6875 -19.1406,43.35938 -39.0625,123.82812 1.9531,25.78125 2.7344,-0.39062 7.8125,-17.57813 3.9062,4.6875 201.5625,19.92188 37.1094,12.5 54.2969,6.64062 37.5,-5.07812 207.4218,21.09375 5.8594,-5.07813 1.5625,21.48438 6.6406,-1.17188 56.25,-119.53125 -3.9062,-71.48437 -2.3438,0.78125 -5.8593,13.67187 -77.7344,-8.59375 7.0312,-90.625 -1.5625,-1.5625 -10.1562,22.26563 -66.7969,-7.03125 1.1719,-21.09375 -2.3438,-1.95313 -12.1093,27.34375 -8.2032,72.65625 -22.2656,-3.90625 -23.8281,50.39063 -2.7344,7.42187 -48.8281,51.95313 -66.4063,-6.25 -30.4687,-62.5 -11.7188,-8.20313 2.7344,-22.26562 4.6875,-3.51563 -1.9531,-6.25 -4.6875,-19.14062 -19.1406,-2.34375 8.5937,-99.60938 -2.7716,-0.21567 -9.633,21.61372 -66.2567,-7.38872 1.6573,-21.82087 -4.1432,-0.27621 -11.8772,28.17378 -6.9054,62.14806 -65.1864,-7.73398 v -13.53447 z\" id=\"frontfluegel\"><\/path>\n    <\/a>\n  <\/g>\n  <g>\n    <title>Elektrisches System<\/title>\n    <a xlink:href=\"http:\/\/infinityracing.de\/projekt-e\/elektrisches-system\/\" target=\"_blank\" rel=\"noopener\">\n      <path class=\"click-detail\" d=\"m 1492.9344,781.96067 66.2913,-155.23204 -3.5908,-50.54709 -30.1073,-4.41941 2.2098,-16.29661 -6.353,-4.69563 1.1049,-8.01019 5.2481,-3.31456 1.6572,-31.76457 -6.3529,-3.03835 -62.9767,-6.90534 -11.0485,1.65729 -6.6291,5.24805 -1.6573,0.82865 -1.6573,9.66747 -6.6291,2.48592 -3.5908,9.66748 4.6956,4.41942 -0.8286,8.2864 -5.2481,10.77233 9.1151,4.14321 -0.2762,7.73398 -7.1816,0.27621 -52.7568,125.67718 -1.1048,8.56263 -31.2122,-0.55243 -0.8286,9.94369 29.5548,6.90534 -6.6291,43.91796 0.5524,11.60097 z\" id=\"akku\"><\/path>\n    <\/a>\n  <\/g>\n  <g>\n    <title>Software<\/title>\n    <a xlink:href=\"http:\/\/infinityracing.de\/projekt-e\/software\/\" target=\"_blank\" rel=\"noopener\">\n      <path class=\"click-detail\" d=\"m 1247.933,651.86407 c 4.1432,-5.24806 24.0306,-40.05097 24.0306,-40.05097 v -19.61117 l 2.7621,0.55243 0.5524,-12.42961 -3.867,-0.55243 v -6.90534 l 3.867,-1.93349 v -9.66748 l -3.3145,-2.76214 v -16.84902 l -4.9719,-4.97185 -12.7058,-2.48592 -15.1917,29.83107 -3.0384,78.99708 8.5626,4.97185 1.9335,5.24805 z\" id=\"softwareboard\"><\/path>\n    <\/a>\n  <\/g>\n  <g>\n    <title>Antriebsstrang<\/title>\n    <a xlink:href=\"http:\/\/infinityracing.de\/projekt-e\/antriebsstrang\/\" target=\"_blank\" rel=\"noopener\">\n      <path class=\"click-detail\" d=\"m 1104.5781,814.83008 39.7748,3.59078 3.0383,3.59078 2.7622,17.12524 3.3145,2.48592 v 7.18155 l -4.4194,0.55243 -3.0383,12.70583 -4.9719,6.90534 -41.1558,-3.03835 -3.0383,-6.35292 0.2762,-8.56262 -4.6957,-1.38106 0.5525,-14.63932 1.6572,-4.14321 3.867,-0.27621 0.8287,-4.69563 z\" id=\"antrieblinks\"><\/path>\n      <path class=\"click-detail\" d=\"m 1177.7747,824.49756 -4.4194,21.82087 -0.2762,19.05874 5.8005,8.56262 25.6879,3.03835 0.8286,3.86699 2.2097,0.82864 3.3146,12.70583 4.4194,3.59077 5.8005,-3.59077 6.9053,-21.82088 11.3248,0.82864 0.5524,-6.07669 -6.0767,-1.65729 0.2762,-4.69563 -3.3146,-0.82864 1.1049,-16.02039 11.3248,-0.27621 0.8286,-4.97184 -5.5243,-2.20971 -0.8286,-5.80049 -5.2481,-0.27621 -1.6573,-13.81068 -3.8669,-11.04854 -4.6957,-2.20971 -5.248,3.86699 -4.4195,10.2199 -4.6956,4.97184 -24.0306,-2.76213 z\" id=\"antriebmitte\"><\/path>\n      <path class=\"click-detail\" d=\"m 1270.8984,827.05079 -2.6367,1.26953 -0.5859,5.95703 -8.7891,-0.87891 -4.8828,2.14844 -6.0547,0.97656 -0.4883,8.4961 1.2696,1.07421 v 2.53907 l -5.5664,0.19531 -1.2696,8.59375 5.5664,1.75781 -1.8554,2.2461 v 6.93359 l 9.5703,6.44531 h 5.8594 l 1.3672,6.54297 4.0039,0.78125 4.5898,-7.42187 1.9531,3.22265 5.3711,0.0977 5.6641,-37.20703 -3.418,-2.63672 -3.7109,-5.56641 -2.4414,-5.07812 z\" id=\"antriebrechts\"><\/path>\n    <\/a>\n  <\/g>\n  <g>\n    <title>Chassis<\/title>\n    <a xlink:href=\"http:\/\/infinityracing.de\/projekt-e\/chassis\/\" target=\"_blank\" rel=\"noopener\">\n      <path class=\"click-detail\" d=\"m 838.67188,977.73438 14.84375,-13.28125 68.75,-129.6875 15.625,-22.26563 26.17187,-14.45312 39.8438,-69.53125 19.5312,-43.35938 13.2813,-58.59375 48.4375,-141.01562 -0.3907,-10.15625 14.4532,-73.04688 -114.06255,-11.71875 -21.875,-59.76562 -18.75,-17.57813 -18.75,-9.375 -30.46875,-1.5625 -18.35937,9.76563 -12.10938,11.32812 -9.76562,31.64063 -35.9375,115.23437 -30.46875,30.07813 -16.40625,20.70312 -12.89063,44.53125 -3.90625,36.32813 -4.29687,59.76562 -8.59375,35.9375 L 742.1875,725 l -9.76562,4.29688 -12.10938,33.98437 -14.0625,48.82813 -7.42187,38.67187 2.34375,82.03125 1.17187,19.92188 13.28125,13.67187 z\" id=\"Mono\"><\/path>\n      <path class=\"click-detail\" d=\"m 760.9375,1107.8125 46.09375,-96.875 -1.17187,-10.9375 -7.42188,-1.95312 -4.29687,5.46872 -20.3125,-1.9531 v -8.59375 l -7.03125,3.90625 -40.625,-3.51562 -3.90625,-21.09375 -6.64063,3.125 -39.84375,-5.07813 -1.17187,-2.34375 -3.90625,0.78125 -0.39063,9.375 2.73438,23.4375 -5.85938,-1.1719 -1.95312,-5.46872 -5.07813,5.07812 2.34375,15.2344 17.96875,30.8594 -15.23437,44.9218 -0.39063,7.4219 5.46875,3.9063 88.67188,10.1562 z\" id=\"pedalbox\"><\/path>\n    <\/a>\n  <\/g>\n  <g>\n    <title>Chassis &#8211; Pedalbox<\/title>\n    <a xlink:href=\"http:\/\/infinityracing.de\/projekt-e\/chassis\/\" target=\"_blank\" rel=\"noopener\">\n      <path class=\"click-detail\" d=\"m 760.9375,1107.8125 46.09375,-96.875 -1.17187,-10.9375 -7.42188,-1.95312 -4.29687,5.46872 -20.3125,-1.9531 v -8.59375 l -7.03125,3.90625 -40.625,-3.51562 -3.90625,-21.09375 -6.64063,3.125 -39.84375,-5.07813 -1.17187,-2.34375 -3.90625,0.78125 -0.39063,9.375 2.73438,23.4375 -5.85938,-1.1719 -1.95312,-5.46872 -5.07813,5.07812 2.34375,15.2344 17.96875,30.8594 -15.23437,44.9218 -0.39063,7.4219 5.46875,3.9063 88.67188,10.1562 z\" id=\"pedalboxsolo\"><\/path>\n    <\/a>\n  <\/g>\n  <g>\n    <title>Fahrwerk<\/title>\n    <a xlink:href=\"http:\/\/infinityracing.de\/projekt-e\/fahrwerk\/\" target=\"_blank\" rel=\"noopener\">\n       <path class=\"click-detail\" d=\"m 422.26563,811.32813 45.3125,13.28125 67.57812,-4.6875 50,-20.3125 22.26563,-27.73438 c 0,0 -1.5625,-73.4375 -1.95313,-75.39062 -0.39062,-1.95313 -18.75,-33.20313 -18.75,-33.20313 l -22.26562,-14.84375 3.51562,-34.76562 23.4375,1.17187 4.29688,-19.14062 -3.125,-17.57813 -9.375,-5.85937 -19.14063,-1.17188 -6.25,-16.01562 -7.03125,-7.42188 -13.28125,3.125 -70.3125,-28.51562 137.10938,-38.67188 1.95312,6.64063 17.57813,1.95312 8.98437,-17.96875 -1.5625,-23.04687 -1.95312,-3.51563 1.5625,-14.84375 9.375,-17.96875 9.76562,-3.90625 5.85938,-15.625 -2.34375,-8.59375 -13.67188,-5.85937 -55.46875,3.51562 -81.64062,-34.76562 -21.875,-21.09375 -74.60938,3.90625 -4.6875,-8.98438 -16.01562,-5.46875 -80.07813,-6.64062 -34.375,20.3125 -59.76562,10.54687 -41.40625,-10.54687 -14.45313,17.1875 6.64063,31.25 -1.95313,64.45312 19.53125,2.34375 8.98438,-4.6875 42.57812,26.17188 -33.98437,17.96875 -88.28125,21.48437 -12.500005,-5.07812 -15.625,6.25 -3.90625,12.10937 -10.15625,0.78125 -3.515625,16.40625 -0.390625,22.65625 7.421875,6.25 0.390625,31.25 4.6875,17.57813 13.28125,1.17187 64.843755,41.01563 -2.73438,14.84375 3.51563,83.20312 19.53125,23.82813 26.95312,14.0625 44.92188,6.64062 49.21875,-4.6875 50,-19.92187 24.21875,-27.34375 0.39062,-20.3125 -1.17187,-22.26563 21.09375,-5.07812 -0.78125,30.85937 5.07812,46.09375 12.10938,23.4375 z\" id=\"fahrwerk\"><\/path>\n    <\/a>\n  <\/g>\n<\/svg>\n<\/figure><\/div>\n<\/div><\/div>\n<\/div><\/div>\n\n\n\n<p class=\"has-text-align-center has-medium-font-size\"><strong>Click on an assembly to find out more!<\/strong><\/p>\n\n\n\n<p>Alternatively, you can access the individual departments here:<\/p>\n\n\n\n<div class=\"wp-block-buttons is-horizontal is-content-justification-center is-layout-flex wp-container-core-buttons-is-layout-03627597 wp-block-buttons-is-layout-flex\">\n<div class=\"wp-block-button has-custom-font-size is-style-fill has-normal-font-size\"><a class=\"wp-block-button__link has-accent-background-color has-background wp-element-button\" href=\"http:\/\/infinityracing.de\/en\/fahrzeug\/fahrwerk\/\">Suspension<\/a><\/div>\n\n\n\n<div class=\"wp-block-button has-custom-font-size has-normal-font-size\"><a class=\"wp-block-button__link has-accent-background-color has-background wp-element-button\" href=\"http:\/\/infinityracing.de\/en\/fahrzeug\/chassis\/\">Chassis<\/a><\/div>\n\n\n\n<div class=\"wp-block-button has-custom-font-size has-normal-font-size\"><a class=\"wp-block-button__link has-accent-background-color has-background wp-element-button\" href=\"http:\/\/infinityracing.de\/en\/fahrzeug\/antriebsstrang\/\">Drivetrain<\/a><\/div>\n\n\n\n<div class=\"wp-block-button has-custom-font-size has-normal-font-size\"><a class=\"wp-block-button__link has-accent-background-color has-background wp-element-button\" href=\"http:\/\/infinityracing.de\/en\/fahrzeug\/software\/\">Software<\/a><\/div>\n\n\n\n<div class=\"wp-block-button has-custom-font-size has-normal-font-size\"><a class=\"wp-block-button__link has-accent-background-color has-background wp-element-button\" href=\"http:\/\/infinityracing.de\/en\/fahrzeug\/elektrisches-system\/\">Electrical system<\/a><\/div>\n\n\n\n<div class=\"wp-block-button has-custom-font-size has-normal-font-size\"><a class=\"wp-block-button__link has-accent-background-color has-background wp-element-button\" href=\"http:\/\/infinityracing.de\/en\/fahrzeug\/aerodynamik\/\">Aerodynamics<\/a><\/div>\n\n\n\n<div class=\"wp-block-button has-custom-font-size has-normal-font-size\"><a class=\"wp-block-button__link has-accent-background-color has-background wp-element-button\" href=\"http:\/\/infinityracing.de\/en\/fahrzeug\/organisation\/\">Organisation<\/a><\/div>\n<\/div>","protected":false},"excerpt":{"rendered":"<p>Mit der Gr\u00fcndung von Infinity Racing im Jahr 2007 begann die \u00c4ra des TOMSOI. In 14 Jahren wurden 12 Verbrenner-Fahrzeuge und das Team wie es sich heute pr\u00e4sentiert, aufgebaut. Mit H\u00f6hen und Tiefen hat sich der TOMSOI vom ersten Prototypen bis hin zur aktuellen Entwicklung stark ver\u00e4ndert. Im August 2020 [&hellip;]<\/p>","protected":false},"author":1,"featured_media":2846,"parent":0,"menu_order":0,"comment_status":"closed","ping_status":"closed","template":"page-templates\/template-fullwidth.php","meta":{"footnotes":""},"class_list":["post-686","page","type-page","status-publish","has-post-thumbnail","hentry"],"_links":{"self":[{"href":"https:\/\/infinityracing.de\/en\/wp-json\/wp\/v2\/pages\/686","targetHints":{"allow":["GET"]}}],"collection":[{"href":"https:\/\/infinityracing.de\/en\/wp-json\/wp\/v2\/pages"}],"about":[{"href":"https:\/\/infinityracing.de\/en\/wp-json\/wp\/v2\/types\/page"}],"author":[{"embeddable":true,"href":"https:\/\/infinityracing.de\/en\/wp-json\/wp\/v2\/users\/1"}],"replies":[{"embeddable":true,"href":"https:\/\/infinityracing.de\/en\/wp-json\/wp\/v2\/comments?post=686"}],"version-history":[{"count":2,"href":"https:\/\/infinityracing.de\/en\/wp-json\/wp\/v2\/pages\/686\/revisions"}],"predecessor-version":[{"id":2318,"href":"https:\/\/infinityracing.de\/en\/wp-json\/wp\/v2\/pages\/686\/revisions\/2318"}],"wp:featuredmedia":[{"embeddable":true,"href":"https:\/\/infinityracing.de\/en\/wp-json\/wp\/v2\/media\/2846"}],"wp:attachment":[{"href":"https:\/\/infinityracing.de\/en\/wp-json\/wp\/v2\/media?parent=686"}],"curies":[{"name":"wp","href":"https:\/\/api.w.org\/{rel}","templated":true}]}}