{"id":45,"date":"2019-09-18T23:03:52","date_gmt":"2019-09-18T23:03:52","guid":{"rendered":"http:\/\/infinityracing.de\/?page_id=45"},"modified":"2025-03-23T16:14:30","modified_gmt":"2025-03-23T16:14:30","slug":"impressum","status":"publish","type":"page","link":"https:\/\/infinityracing.de\/en\/impressum\/","title":{"rendered":"Imprint"},"content":{"rendered":"<div class=\"wp-block-themeisle-blocks-advanced-columns alignwide has-1-columns has-desktop-equal-layout has-tablet-equal-layout has-mobile-equal-layout has-default-gap has-vertical-unset\" id=\"wp-block-themeisle-blocks-advanced-columns-1e4ed548\"><div class=\"wp-block-themeisle-blocks-advanced-columns-overlay\"><\/div><div class=\"innerblocks-wrap\">\n<div class=\"wp-block-themeisle-blocks-advanced-column\" id=\"wp-block-themeisle-blocks-advanced-column-545966c3\">\n<h2 id=\"m46\">Diensteanbieter<\/h2>\n<p> Jonas Feierabend<\/p>\n<p> infinity racing &#8211; Rennteam der Hochschule Kempten e.V.<\/p>\n<p>Offizielle Adresse:<br>\nHochschule Kempten<br>\nc\/o: Infinity Racing<br>\nBahnhofstra\u00dfe 61<br>\n87435 Kempten<\/p>\n<h2 id=\"m56\">Kontaktm\u00f6glichkeiten<\/h2>\n<p><strong>E-Mail-Adresse<\/strong>: <a href=\"mailto:info@infinityracing.de\">info@infinityracing.de<\/a><\/p>\n<p><strong>Kontaktformular<\/strong>: infinityracing.de<\/p>\n<p><strong>Telefonnummer:<\/strong> +49 1575 1576025<\/p>\n<h2 id=\"m153\">Vertretungsberechtigte<\/h2>\n<p><strong>Vertretungsberechtigt<\/strong>: Jonas Feierabend (1. Vorstand)<\/p>\n<h2 id=\"m151\">Register und Registernummer<\/h2>\n<p>Vereinsregister<\/p>\n<p><strong>Gef\u00fchrt bei<\/strong>: Vereinsregister des Amtsgerichts Kempten (Allg\u00e4u)<\/p>\n<p><strong>Nummer<\/strong>: VR200201<\/p>\n<p><strong>Umsatzsteuernummer-ID:<\/strong> DE274033759<\/p>\n<h2 id=\"m172\">Social Media und andere Onlinepr\u00e4senzen<\/h2>\n<p><strong>Dieses Impressum gilt auch f\u00fcr die folgenden Social-Media-Pr\u00e4senzen und Onlineprofile<\/strong>:<\/p>\n<p><a href=\"https:\/\/www.facebook.com\/Infinity.Racing\/\">https:\/\/www.facebook.com\/Infinity.Racing\/<\/a><\/p>\n<p><a href=\"https:\/\/www.instagram.com\/infinity_racing_uas_kempten\/\">https:\/\/www.instagram.com\/infinity_racing_uas_kempten\/<\/a><\/p>\n<figure class=\"wp-block-embed is-type-rich is-provider-twitter wp-block-embed-twitter\"><div class=\"wp-block-embed__wrapper\">\n<a class=\"twitter-timeline\" data-width=\"750\" data-height=\"1000\" data-dnt=\"true\" href=\"https:\/\/twitter.com\/infinity_uas_ke?ref_src=twsrc%5Etfw\">Tweets by infinity_uas_ke<\/a><script async src=\"https:\/\/platform.twitter.com\/widgets.js\" charset=\"utf-8\"><\/script>\n<\/div><\/figure>\n<h2 id=\"m65\">Haftungs- und Urheberrechtshinweise<\/h2>\n<p><strong>Haftungsausschluss<\/strong>: Die Inhalte dieses Onlineangebotes wurden sorgf\u00e4ltig und nach unserem aktuellen Kenntnisstand erstellt, dienen jedoch nur der Information und entfalten keine rechtlich bindende Wirkung, sofern es sich nicht um gesetzlich verpflichtende Informationen (z.B. das Impressum, die Datenschutzerkl\u00e4rung, AGB oder Widerrufsbelehrungen f\u00fcr Verbraucher) handelt. Wir behalten uns vor, die Inhalte vollst\u00e4ndig oder teilweise zu \u00e4ndern oder zu l\u00f6schen, soweit vertragliche Verpflichtungen unber\u00fchrt bleiben. Alle Angebote sind freibleibend und unverbindlich. <\/p>\n<p><strong>Links auf fremde Webseiten<\/strong>: Inhalte fremder Webseiten, auf die wir direkt oder indirekt verweisen, liegen au\u00dferhalb unseres Verantwortungsbereiches und machen wir uns nicht zu Eigen. F\u00fcr alle Inhalte und insbesondere f\u00fcr Sch\u00e4den, die aus der Nutzung der in den verlinkten Webseiten aufrufbaren Informationen entstehen, haftet allein der Anbieter der verlinkten Webseiten.<\/p>\n<p><strong>Hinweise auf Rechtsverst\u00f6\u00dfe<\/strong>: Sollten Sie innerhalb unseres Internetauftritts Rechtsverst\u00f6\u00dfe bemerken, bitten wir Sie uns auf diese hinzuweisen. Wir werden rechtswidrige Inhalte und Links nach Kenntnisnahme unverz\u00fcglich entfernen.<\/p>\n<p><a href=\"https:\/\/datenschutz-generator.de\/?l=de\" target=\"_blank\" rel=\"noreferrer noopener\">Erstellt mit Datenschutz-Generator.de von Dr. jur. Thomas Schwenke<\/a><\/p>\n<\/div>\n<\/div><\/div>","protected":false},"excerpt":{"rendered":"<p>Diensteanbieter Jonas Feierabend infinity racing &#8211; Rennteam der Hochschule Kempten e.V. Offizielle Adresse: Hochschule Kempten c\/o: Infinity Racing Bahnhofstra\u00dfe 61 87435 Kempten Kontaktm\u00f6glichkeiten E-Mail-Adresse: info@infinityracing.de Kontaktformular: infinityracing.de Telefonnummer: +49 1575 1576025 Vertretungsberechtigte Vertretungsberechtigt: Jonas Feierabend (1. Vorstand) Register und Registernummer Vereinsregister Gef\u00fchrt bei: Vereinsregister des Amtsgerichts Kempten (Allg\u00e4u) Nummer: VR200201 [&hellip;]<\/p>","protected":false},"author":1,"featured_media":2284,"parent":0,"menu_order":0,"comment_status":"closed","ping_status":"closed","template":"","meta":{"footnotes":""},"class_list":["post-45","page","type-page","status-publish","has-post-thumbnail","hentry"],"_links":{"self":[{"href":"https:\/\/infinityracing.de\/en\/wp-json\/wp\/v2\/pages\/45","targetHints":{"allow":["GET"]}}],"collection":[{"href":"https:\/\/infinityracing.de\/en\/wp-json\/wp\/v2\/pages"}],"about":[{"href":"https:\/\/infinityracing.de\/en\/wp-json\/wp\/v2\/types\/page"}],"author":[{"embeddable":true,"href":"https:\/\/infinityracing.de\/en\/wp-json\/wp\/v2\/users\/1"}],"replies":[{"embeddable":true,"href":"https:\/\/infinityracing.de\/en\/wp-json\/wp\/v2\/comments?post=45"}],"version-history":[{"count":4,"href":"https:\/\/infinityracing.de\/en\/wp-json\/wp\/v2\/pages\/45\/revisions"}],"predecessor-version":[{"id":3119,"href":"https:\/\/infinityracing.de\/en\/wp-json\/wp\/v2\/pages\/45\/revisions\/3119"}],"wp:featuredmedia":[{"embeddable":true,"href":"https:\/\/infinityracing.de\/en\/wp-json\/wp\/v2\/media\/2284"}],"wp:attachment":[{"href":"https:\/\/infinityracing.de\/en\/wp-json\/wp\/v2\/media?parent=45"}],"curies":[{"name":"wp","href":"https:\/\/api.w.org\/{rel}","templated":true}]}}