{"id":180,"date":"2019-11-03T21:35:00","date_gmt":"2019-11-03T21:35:00","guid":{"rendered":"http:\/\/infinityracing.de\/?page_id=180"},"modified":"2024-04-24T18:40:29","modified_gmt":"2024-04-24T18:40:29","slug":"tomsoi-ix","status":"publish","type":"page","link":"https:\/\/infinityracing.de\/en\/fahrzeuge\/tomsoi-ix\/","title":{"rendered":"Tomsoi IX"},"content":{"rendered":"<div class=\"wp-block-themeisle-blocks-advanced-columns has-1-columns has-desktop-equal-layout has-tablet-equal-layout has-mobile-equal-layout has-default-gap has-vertical-unset\" id=\"wp-block-themeisle-blocks-advanced-columns-4e5c7b8c\" style=\"border-width:0px;border-style:solid;border-color:#000000;border-radius:0px;justify-content:unset\"><div class=\"wp-themeisle-block-overlay\" style=\"opacity:0.5;mix-blend-mode:normal\"><\/div><div class=\"innerblocks-wrap\">\n<div class=\"wp-block-themeisle-blocks-advanced-column\" id=\"wp-block-themeisle-blocks-advanced-column-5789961b\" style=\"border-width:0px;border-style:solid;border-color:#000000;border-radius:0px\">\n<div class=\"wp-block-image\"><figure class=\"aligncenter\"><img loading=\"lazy\" decoding=\"async\" width=\"1024\" height=\"683\" src=\"http:\/\/infinityracing.de\/wp-content\/uploads\/2019\/09\/20170827_2119_0376_FZ_b-1200x800-1024x683-1024x683.jpg\" alt=\"\" class=\"wp-image-4\" srcset=\"https:\/\/infinityracing.de\/wp-content\/uploads\/2019\/09\/20170827_2119_0376_FZ_b-1200x800-1024x683.jpg 1024w, https:\/\/infinityracing.de\/wp-content\/uploads\/2019\/09\/20170827_2119_0376_FZ_b-1200x800-1024x683-300x200.jpg 300w, https:\/\/infinityracing.de\/wp-content\/uploads\/2019\/09\/20170827_2119_0376_FZ_b-1200x800-1024x683-768x512.jpg 768w, https:\/\/infinityracing.de\/wp-content\/uploads\/2019\/09\/20170827_2119_0376_FZ_b-1200x800-1024x683-360x240.jpg 360w\" sizes=\"auto, (max-width: 1024px) 100vw, 1024px\" \/><\/figure><\/div>\n<h3>Allgemeine <\/h3>\n<ul><li>Leistung: 63 kW\/ 85 PS, max. 13.900 U\/min<\/li><li>Drehmoment: 59 Nm<\/li><li>Gewicht: 208 kg<\/li><li>Beschleunigung&nbsp;0 \u2013 100 km\/h: 3,8 s<\/li><\/li>Eventteilnahmen: Formula Student Austria, Formula Student East, Formula Student Spain<\/li><\/ul>\n<h3>Motor<\/h3>\n<ul><li>Yamaha R6 DOHC Reihenvierzylinder RJ09<\/li><li>Hubraum: 600 ccm<\/li><li>Motorsteuerung: Bosch MS6<\/li><li>\u00dcberarbeiteter&nbsp;Kr\u00fcmmer&nbsp;aus&nbsp;Titan&nbsp;(-2kg)<\/li><li>Optimierte Airbox in neuem Design und RAM-Air Effekt<\/li><li>Gewichtsreduziertes Benzinsystem inklusive Pumpe, Filter und Injektoren<\/li><\/ul>\n<h3>Drivetrain<\/h3>\n<ul><li>Eigenentwickelte Schaltwalze mit neuer Schaltreihenfolge und Gangerkennung<\/li><li>Kettentrieb mit optimierter \u00dcbersetzung<\/li><li>Drexler Lamellensperrdifferential<\/li><li>Bet\u00e4tigung Getriebe: elektropneumatisch \u00fcber Schaltwippen am Lenkrad<\/li><\/ul>\n<h3>Chassis<\/h3>\n<p>Zweiteilig aufgebautes Chassis:<\/p>\n<ul><li>Vorderwagen aus einteilig laminiertem Hybrid-Monocoque in Sandwichbauweise, hergestellt im Infiltrationsverfahren<\/li><li>Hinterwagen\n aus Stahl Gitterrohrrahmen mit Motor integriert als  \nstruktur-relevantes Bauteil, Pedalerie in V-Pedalanordnung mit  \nSchnellverstellmechanismus<\/li><li>Crashbox mit Anti-Intrusionplate aus Carbon-Aramid-Hybrid<\/li><\/ul>\n<h3>Suspension<\/h3>\n<ul><li>Double-Wishbone Radaufh\u00e4ngung (vorne wie hinten) in Aluminium-CFK-Hybridbauweise<\/li><li>Bet\u00e4tigung der vorderen, liegenden KW-D\u00e4mpfereinheit mit Pullrod<\/li><li>Extrem pr\u00e4zise Radtr\u00e4ger und Radnaben, gefertigt durch FiGo-Tec Pr\u00e4zisionszerspanung<\/li><li>Hintere, stehende KW-D\u00e4mpfereinheit wird mit Pushrod bet\u00e4tigt<\/li><li>Bremsen von ISR Brakes mit 4 Kolben vorne und 2 Kolben hinten<\/li><li>optionale Abkupplung der Pedalerie vom Bremskreislauf durch St\u00e4ubli-Kupplungen ohne neu Entl\u00fcftung<\/li><li>Einstellbarer&nbsp;U-Stabi&nbsp;vorne&nbsp;und&nbsp;hinten<\/li><li>Conti C17 Slicks auf OZ-Magnesiumflegen<\/li><li>Radstand: 1540 mm<\/li><li>Spurbreite: vorne 1200\/ hinten 1156<\/li><\/ul>\n<h3>E&amp;I<\/h3>\n<ul><li>uC-Getriebesteuerung mit CAN-Interface<\/li><li>LCD-Dashboard<\/li><li>868MHz SRD-Band Telemetrie<\/li><li>Bosch MS6 Datenlogger (20ms)<\/li><\/ul>\n<\/div>\n<\/div><\/div>","protected":false},"excerpt":{"rendered":"<p>Allgemeine Leistung: 63 kW\/ 85 PS, max. 13.900 U\/min Drehmoment: 59 Nm Gewicht: 208 kg Beschleunigung&nbsp;0 \u2013 100 km\/h: 3,8 s Eventteilnahmen: Formula Student Austria, Formula Student East, Formula Student Spain Motor Yamaha R6 DOHC Reihenvierzylinder RJ09 Hubraum: 600 ccm Motorsteuerung: Bosch MS6 \u00dcberarbeiteter&nbsp;Kr\u00fcmmer&nbsp;aus&nbsp;Titan&nbsp;(-2kg) Optimierte Airbox in neuem Design und [&hellip;]<\/p>","protected":false},"author":1,"featured_media":2758,"parent":171,"menu_order":0,"comment_status":"closed","ping_status":"closed","template":"","meta":{"footnotes":""},"class_list":["post-180","page","type-page","status-publish","has-post-thumbnail","hentry"],"_links":{"self":[{"href":"https:\/\/infinityracing.de\/en\/wp-json\/wp\/v2\/pages\/180","targetHints":{"allow":["GET"]}}],"collection":[{"href":"https:\/\/infinityracing.de\/en\/wp-json\/wp\/v2\/pages"}],"about":[{"href":"https:\/\/infinityracing.de\/en\/wp-json\/wp\/v2\/types\/page"}],"author":[{"embeddable":true,"href":"https:\/\/infinityracing.de\/en\/wp-json\/wp\/v2\/users\/1"}],"replies":[{"embeddable":true,"href":"https:\/\/infinityracing.de\/en\/wp-json\/wp\/v2\/comments?post=180"}],"version-history":[{"count":5,"href":"https:\/\/infinityracing.de\/en\/wp-json\/wp\/v2\/pages\/180\/revisions"}],"predecessor-version":[{"id":2706,"href":"https:\/\/infinityracing.de\/en\/wp-json\/wp\/v2\/pages\/180\/revisions\/2706"}],"up":[{"embeddable":true,"href":"https:\/\/infinityracing.de\/en\/wp-json\/wp\/v2\/pages\/171"}],"wp:featuredmedia":[{"embeddable":true,"href":"https:\/\/infinityracing.de\/en\/wp-json\/wp\/v2\/media\/2758"}],"wp:attachment":[{"href":"https:\/\/infinityracing.de\/en\/wp-json\/wp\/v2\/media?parent=180"}],"curies":[{"name":"wp","href":"https:\/\/api.w.org\/{rel}","templated":true}]}}