{"id":178,"date":"2019-11-03T21:34:18","date_gmt":"2019-11-03T21:34:18","guid":{"rendered":"http:\/\/infinityracing.de\/?page_id=178"},"modified":"2024-04-24T18:38:45","modified_gmt":"2024-04-24T18:38:45","slug":"tomsoi-xi","status":"publish","type":"page","link":"https:\/\/infinityracing.de\/en\/fahrzeuge\/tomsoi-xi\/","title":{"rendered":"Tomsoi XI"},"content":{"rendered":"<figure class=\"wp-block-image size-large is-style-default\"><img loading=\"lazy\" decoding=\"async\" width=\"1024\" height=\"683\" src=\"http:\/\/infinityracing.de\/wp-content\/uploads\/2020\/10\/Mai-1024x683.jpg\" alt=\"\" class=\"wp-image-786\" srcset=\"https:\/\/infinityracing.de\/wp-content\/uploads\/2020\/10\/Mai-1024x683.jpg 1024w, https:\/\/infinityracing.de\/wp-content\/uploads\/2020\/10\/Mai-300x200.jpg 300w, https:\/\/infinityracing.de\/wp-content\/uploads\/2020\/10\/Mai-768x512.jpg 768w, https:\/\/infinityracing.de\/wp-content\/uploads\/2020\/10\/Mai-2048x1365.jpg 2048w, https:\/\/infinityracing.de\/wp-content\/uploads\/2020\/10\/Mai-360x240.jpg 360w\" sizes=\"auto, (max-width: 1024px) 100vw, 1024px\" \/><\/figure>\n\n\n\n<div class=\"wp-block-themeisle-blocks-advanced-columns has-1-columns has-desktop-equal-layout has-tablet-equal-layout has-mobile-equal-layout has-default-gap has-vertical-unset\" id=\"wp-block-themeisle-blocks-advanced-columns-2310db87\"><div class=\"wp-block-themeisle-blocks-advanced-columns-overlay\"><\/div><div class=\"innerblocks-wrap\">\n<div class=\"wp-block-themeisle-blocks-advanced-column\" id=\"wp-block-themeisle-blocks-advanced-column-3f758030\">\n<h3>Allgemeine<\/h3>\n<ul><li>Leistung: 63 kW\/ 85 PS, max. 13.900 U\/min<\/li><li>Drehmoment: 59 Nm<\/li><li>Gewicht: 216 kg<\/li><li>Beschleunigung\u00a00 \u2013 100 km\/h: 3,7 s<\/li><li>Eventteilnahmen: Formula Student Austria, Formula Student Germany, Formula Student Spain<\/ul>\n<h3>Motor<\/h3>\n<ul><li>Yamaha R6 DOHC Reihenvierzylinder RJ09<\/li><li>Hubraum: 600 ccm<\/li><li>Motorsteuerung: Bosch MS6<\/li><li>Optimierte Airbox in neuem Design und RAM-Air Effekt<\/li><li>Gewichtsreduziertes Benzinsystem inklusive Pumpe, Filter und Injektoren<\/li><\/ul>\n<h3>Drivetrain<\/h3>\n<ul><li>Eigenentwickelte Schaltwalze mit neuer Schaltreihenfolge und Gangerkennung<\/li><li>Kettentrieb mit optimierter \u00dcbersetzung<\/li><li>Drexler Lamellensperrdifferential<\/li><li>Bet\u00e4tigung Getriebe: elektropneumatisch \u00fcber Schaltwippen am Lenkrad<\/li><\/ul>\n<h3>Chassis<\/h3>\n<p>Zweiteilig aufgebautes Chassis:<\/p>\n<ul><li>Vorderwagen aus einteilig laminiertem Hybrid-Monocoque in Sandwichbauweise, Prepregverfahren<\/li><li>Hinterwagen  aus Stahl Gitterrohrrahmen mit Motor integriert als   struktur-relevantes Bauteil, Pedalerie mit   Schnellverstellmechanismus<\/li><li>Crashbox mit Anti-Intrusionplate aus Carbon-Aramid-Hybrid<\/li><li>Integration der Firewall in den Sitz<\/li><\/ul>\n<h3>Suspension<\/h3>\n<ul><li>Double-Wishbone Radaufh\u00e4ngung (vorne wie hinten) in Aluminium-CFK-Hybridbauweise<\/li><li>Bet\u00e4tigung der vorderen, liegenden KW-D\u00e4mpfereinheit mit Pullrod<\/li><li>Extrem pr\u00e4zise Radtr\u00e4ger und Radnaben, gefertigt durch FiGo-Tec Pr\u00e4zisionszerspanung<\/li><li>Hintere, stehende KW-D\u00e4mpfereinheit wird mit Pushrod bet\u00e4tigt<\/li><li>Bremsen von ISR Brakes mit 4 Kolben vorne und 2 Kolben hinten<\/li><li>optionale Abkupplung der Pedalerie vom Bremskreislauf durch St\u00e4ubli-Kupplungen ohne neu Entl\u00fcftung<\/li><li>C18 Slicks auf OZ-Magnesiumflegen<\/li><li>Radstand: 1540 mm<\/li><li>Spurbreite: vorne 1200\/ hinten 1156<\/li><\/ul>\n<h3>Monocoque<\/h3>\n<ul><li>Gewichtsreduzierung<\/li><li>h\u00f6here Steifigkeit<\/li><li>verbesserter Schwerpunkt<\/li><li>Reduzierung des Massentr\u00e4gheitsmoments um die Hochachse<\/li><li>Umstellung von Ureolformen auf Carbonformen<\/li><\/ul>\n<h3>Aero<\/h3>\n<ul><li>Downforce bei 120km\/h: 2250N<\/li><li>Gewicht Unterboden: 3,2-3,3 kg<\/li><li>neuer kompleter Unterboden und optimierter Frontwing&nbsp;<\/li><\/ul>\n<h3>E&amp;I<\/h3>\n<ul><li>uC-Getriebesteuerung mit CAN-Interface<\/li><li>LCD-Dashboard<\/li><li>868MHz SRD-Band Telemetrie<\/li><li>Bosch MS6 Datenlogger (1000Hz)<\/li><li>elektromagnetisch gesteuerte Peumatikschaltung<\/li><\/ul>\n<\/div>\n<\/div><\/div>","protected":false},"excerpt":{"rendered":"<p>Allgemeine Leistung: 63 kW\/ 85 PS, max. 13.900 U\/min Drehmoment: 59 Nm Gewicht: 216 kg Beschleunigung\u00a00 \u2013 100 km\/h: 3,7 s Eventteilnahmen: Formula Student Austria, Formula Student Germany, Formula Student Spain Motor Yamaha R6 DOHC Reihenvierzylinder RJ09 Hubraum: 600 ccm Motorsteuerung: Bosch MS6 Optimierte Airbox in neuem Design und RAM-Air [&hellip;]<\/p>","protected":false},"author":1,"featured_media":2756,"parent":171,"menu_order":0,"comment_status":"closed","ping_status":"closed","template":"","meta":{"footnotes":""},"class_list":["post-178","page","type-page","status-publish","has-post-thumbnail","hentry"],"_links":{"self":[{"href":"https:\/\/infinityracing.de\/en\/wp-json\/wp\/v2\/pages\/178","targetHints":{"allow":["GET"]}}],"collection":[{"href":"https:\/\/infinityracing.de\/en\/wp-json\/wp\/v2\/pages"}],"about":[{"href":"https:\/\/infinityracing.de\/en\/wp-json\/wp\/v2\/types\/page"}],"author":[{"embeddable":true,"href":"https:\/\/infinityracing.de\/en\/wp-json\/wp\/v2\/users\/1"}],"replies":[{"embeddable":true,"href":"https:\/\/infinityracing.de\/en\/wp-json\/wp\/v2\/comments?post=178"}],"version-history":[{"count":3,"href":"https:\/\/infinityracing.de\/en\/wp-json\/wp\/v2\/pages\/178\/revisions"}],"predecessor-version":[{"id":2709,"href":"https:\/\/infinityracing.de\/en\/wp-json\/wp\/v2\/pages\/178\/revisions\/2709"}],"up":[{"embeddable":true,"href":"https:\/\/infinityracing.de\/en\/wp-json\/wp\/v2\/pages\/171"}],"wp:featuredmedia":[{"embeddable":true,"href":"https:\/\/infinityracing.de\/en\/wp-json\/wp\/v2\/media\/2756"}],"wp:attachment":[{"href":"https:\/\/infinityracing.de\/en\/wp-json\/wp\/v2\/media?parent=178"}],"curies":[{"name":"wp","href":"https:\/\/api.w.org\/{rel}","templated":true}]}}