{"id":1095,"date":"2021-05-31T18:45:46","date_gmt":"2021-05-31T18:45:46","guid":{"rendered":"http:\/\/infinityracing.de\/?page_id=1095"},"modified":"2021-09-12T16:50:24","modified_gmt":"2021-09-12T16:50:24","slug":"akku","status":"publish","type":"page","link":"https:\/\/infinityracing.de\/en\/fahrzeug\/elektrisches-system\/akku\/","title":{"rendered":"Battery"},"content":{"rendered":"<div class=\"wp-block-themeisle-blocks-advanced-columns has-1-columns has-desktop-equal-layout has-tablet-equal-layout has-mobile-equal-layout has-default-gap has-vertical-unset\" id=\"wp-block-themeisle-blocks-advanced-columns-e7897e41\"><div class=\"wp-block-themeisle-blocks-advanced-columns-overlay\"><\/div><div class=\"innerblocks-wrap\">\n<div class=\"wp-block-themeisle-blocks-advanced-column\" id=\"wp-block-themeisle-blocks-advanced-column-2c104c19\">\n<p>Um mit einem elektrischen Rennwagen schnell fahren zu k\u00f6nnen ben\u00f6tigt man einen Akku, der die ben\u00f6tigte Energie auch bereitstellen kann.<\/p>\n\n\n\n<p>Die wichtigsten Bestandteile des Akkus sind:<\/p>\n\n\n\n<ul class=\"wp-block-list\"><li>Lithium-Ionen-Zellen<\/li><li>AMS (Accumulator Management System)<\/li><li>Pre-Charge Circuit und AIRs (Accumulator Isolation Relays)<\/li><li>K\u00fchlung der Zellen<\/li><li>Geh\u00e4use<\/li><\/ul>\n\n\n\n<p>Der Bau eines Leistungsf\u00e4higen und sicheren Akkus f\u00e4ngt mit den einzelnen Zellen an. Diese werden getestet und charakterisiert, um die richtigen Zellen auszuw\u00e4hlen und m\u00f6glichst viel \u00fcber ihr Verhalten in allen m\u00f6glichen Szenarien zu lernen. Dabei wird auch Matlab\/Simscape zur Simulation des Verhaltens der Zellen eingesetzt.<\/p>\n\n\n\n<p>Das thermische Verhalten ist dabei ein kritischer Punkt, der das Design der K\u00fchlung und des Geh\u00e4uses diktiert.<\/p>\n\n\n\n<p>Das AMS (Accumulator Management System) \u00fcberwacht die Ladung- und Entladung und die Temperatur der Zellen.<\/p>\n\n\n\n<p>F\u00fcr das sichere Trennen und Verbinden des Akkus mit dem Antriebsstrang sind der Pre-Charge Circuit und AIRs (Accumulator Isolation Relay) zust\u00e4ndig. Mithilfe des Discharge Circuit wird sichergestellt das keine unerw\u00fcnschten Spannungen am Fahrzeug anliegen.<\/p>\n\n\n\n<p>All diese Komponenten m\u00fcssen nun in ein stabiles Geh\u00e4use das die Zellen sch\u00fctzt und sicher im Fahrzeug verankert.<\/p>\n<\/div>\n<\/div><\/div>\n\n\n\n<hr class=\"wp-block-separator aligncenter is-style-default\"\/>\n\n\n\n<p>Have we aroused your interest or do you have further questions about our system?<\/p>\n\n\n\n<p>Send your enquiry directly to the electrical team:&nbsp;<a href=\"mailto:electric@infinity-racing.de\">electric@infinity-racing.de<\/a><\/p>","protected":false},"excerpt":{"rendered":"<p>Wir haben Dein Interesse geweckt oder Du hast weitere Fragen zu unserem System? Schick Deine Anfrage direkt an das Elektro-Team:&nbsp;electric@infinity-racing.de<\/p>","protected":false},"author":1,"featured_media":0,"parent":977,"menu_order":0,"comment_status":"closed","ping_status":"closed","template":"","meta":{"footnotes":""},"class_list":["post-1095","page","type-page","status-publish","hentry"],"_links":{"self":[{"href":"https:\/\/infinityracing.de\/en\/wp-json\/wp\/v2\/pages\/1095","targetHints":{"allow":["GET"]}}],"collection":[{"href":"https:\/\/infinityracing.de\/en\/wp-json\/wp\/v2\/pages"}],"about":[{"href":"https:\/\/infinityracing.de\/en\/wp-json\/wp\/v2\/types\/page"}],"author":[{"embeddable":true,"href":"https:\/\/infinityracing.de\/en\/wp-json\/wp\/v2\/users\/1"}],"replies":[{"embeddable":true,"href":"https:\/\/infinityracing.de\/en\/wp-json\/wp\/v2\/comments?post=1095"}],"version-history":[{"count":0,"href":"https:\/\/infinityracing.de\/en\/wp-json\/wp\/v2\/pages\/1095\/revisions"}],"up":[{"embeddable":true,"href":"https:\/\/infinityracing.de\/en\/wp-json\/wp\/v2\/pages\/977"}],"wp:attachment":[{"href":"https:\/\/infinityracing.de\/en\/wp-json\/wp\/v2\/media?parent=1095"}],"curies":[{"name":"wp","href":"https:\/\/api.w.org\/{rel}","templated":true}]}}