{"id":1073,"date":"2021-05-31T06:37:24","date_gmt":"2021-05-31T06:37:24","guid":{"rendered":"http:\/\/infinityracing.de\/?page_id=1073"},"modified":"2021-09-05T17:20:50","modified_gmt":"2021-09-05T17:20:50","slug":"platinendesign","status":"publish","type":"page","link":"https:\/\/infinityracing.de\/en\/fahrzeug\/elektrisches-system\/platinendesign\/","title":{"rendered":"Platinendesign &#8211; von der Idee bis zum Test am Fahrzeug"},"content":{"rendered":"<p>Die Platinenentwicklung bringt einen der gr\u00f6\u00dften Entwicklungsaufw\u00e4nde, bezogen auf das gesamte Fahrzeug, mit sich. Egal ob Inverter, Akku oder Driver Interface, Platinen werden in jedem Bereich des Rennwagens ben\u00f6tigt.<\/p>\n\n\n\n<p>In unserem Elektro-Fahrzeug sind etwa 30 unterschiedliche Platinen und Steuerger\u00e4te verbaut, davon 22 die komplett von uns oder teilweise von uns entwickelt wurden. Das Aufgabenspektrum der unterschiedlichen Platinen variiert dabei sehr stark, von Platinen die m\u00e4chtige Aufgaben wie die Motorregelung \u00fcbernehmen, \u00fcber Platinen die durch Licht- und Soundsignale Fahreugzust\u00e4nde signalisieren, bis hin zu Platinen die lediglich drei Sensor Signale digitalisieren.<\/p>\n\n\n\n<p>Wie bereits erw\u00e4hnt, wird ein Gro\u00dfteil der verbauten Platinen vom Team selbst ausgelegt und entwickelt. Mithilfe des Software-Tools Altium Designer, welches marktf\u00fchrendes CAE-Programm f\u00fcr Platinendesign ist, werden teils \u00e4u\u00dferst komplexe Schaltpl\u00e4ne entwickelt und sp\u00e4ter in physische, optisch ansprechende Leiterplatte weiterentwickelt.<\/p>\n\n\n\n<figure class=\"wp-block-image size-large\"><img loading=\"lazy\" decoding=\"async\" width=\"1024\" height=\"353\" src=\"http:\/\/infinityracing.de\/wp-content\/uploads\/2021\/05\/DMI_2D_3D-1024x353.png\" alt=\"\" class=\"wp-image-1022\" srcset=\"https:\/\/infinityracing.de\/wp-content\/uploads\/2021\/05\/DMI_2D_3D-1024x353.png 1024w, https:\/\/infinityracing.de\/wp-content\/uploads\/2021\/05\/DMI_2D_3D-300x103.png 300w, https:\/\/infinityracing.de\/wp-content\/uploads\/2021\/05\/DMI_2D_3D-768x265.png 768w, https:\/\/infinityracing.de\/wp-content\/uploads\/2021\/05\/DMI_2D_3D-1536x529.png 1536w, https:\/\/infinityracing.de\/wp-content\/uploads\/2021\/05\/DMI_2D_3D-2048x706.png 2048w\" sizes=\"auto, (max-width: 1024px) 100vw, 1024px\" \/><\/figure>\n\n\n\n<p>Nat\u00fcrlich ist es auch bei uns nur mit dem Platinendesign nicht getan um ein einsatzf\u00e4higes Produkt zu entwickeln. Denn wie in modernen Desings \u00fcblich, implementieren fast alle Ger\u00e4te einen programmierbaren Prozessor, Microcontroller oder FPGA. Daher ist die Softwareentwicklung die zweite, auf alle elektrischen Systeme, \u00fcbergreifende Aufgabe in der Elektronikentwicklung. Die Software wird teilweise mit Hilfe von m\u00e4chtigen Tools, wie Matlab, entwickelt, aber auch das Programmieren auf Assembler Ebene ist immer noch g\u00e4ngig und notwendig in speziellen Anwendungen.<\/p>","protected":false},"excerpt":{"rendered":"<p>Die Platinenentwicklung bringt einen der gr\u00f6\u00dften Entwicklungsaufw\u00e4nde, bezogen auf das gesamte Fahrzeug, mit sich. Egal ob Inverter, Akku oder Driver Interface, Platinen werden in jedem Bereich des Rennwagens ben\u00f6tigt. In unserem Elektro-Fahrzeug sind etwa 30 unterschiedliche Platinen und Steuerger\u00e4te verbaut, davon 22 die komplett von uns oder teilweise von uns [&hellip;]<\/p>\n","protected":false},"author":2,"featured_media":0,"parent":977,"menu_order":0,"comment_status":"closed","ping_status":"closed","template":"","meta":{"footnotes":""},"class_list":["post-1073","page","type-page","status-publish","hentry"],"_links":{"self":[{"href":"https:\/\/infinityracing.de\/en\/wp-json\/wp\/v2\/pages\/1073","targetHints":{"allow":["GET"]}}],"collection":[{"href":"https:\/\/infinityracing.de\/en\/wp-json\/wp\/v2\/pages"}],"about":[{"href":"https:\/\/infinityracing.de\/en\/wp-json\/wp\/v2\/types\/page"}],"author":[{"embeddable":true,"href":"https:\/\/infinityracing.de\/en\/wp-json\/wp\/v2\/users\/2"}],"replies":[{"embeddable":true,"href":"https:\/\/infinityracing.de\/en\/wp-json\/wp\/v2\/comments?post=1073"}],"version-history":[{"count":0,"href":"https:\/\/infinityracing.de\/en\/wp-json\/wp\/v2\/pages\/1073\/revisions"}],"up":[{"embeddable":true,"href":"https:\/\/infinityracing.de\/en\/wp-json\/wp\/v2\/pages\/977"}],"wp:attachment":[{"href":"https:\/\/infinityracing.de\/en\/wp-json\/wp\/v2\/media?parent=1073"}],"curies":[{"name":"wp","href":"https:\/\/api.w.org\/{rel}","templated":true}]}}