{"id":26,"date":"2019-09-18T22:35:45","date_gmt":"2019-09-18T22:35:45","guid":{"rendered":"http:\/\/infinityracing.de\/?page_id=26"},"modified":"2024-04-24T18:39:31","modified_gmt":"2024-04-24T18:39:31","slug":"tomsoi-x","status":"publish","type":"page","link":"http:\/\/infinityracing.de\/en\/fahrzeuge\/tomsoi-x\/","title":{"rendered":"Tomsoi X"},"content":{"rendered":"<div class=\"wp-block-image\">\n<figure class=\"aligncenter\"><img loading=\"lazy\" decoding=\"async\" width=\"744\" height=\"496\" src=\"http:\/\/infinityracing.de\/wp-content\/uploads\/2019\/09\/20180926_2149_8118_5DII_2-744x496.jpg\" alt=\"\" class=\"wp-image-6\" srcset=\"https:\/\/infinityracing.de\/wp-content\/uploads\/2019\/09\/20180926_2149_8118_5DII_2-744x496.jpg 744w, https:\/\/infinityracing.de\/wp-content\/uploads\/2019\/09\/20180926_2149_8118_5DII_2-744x496-300x200.jpg 300w, https:\/\/infinityracing.de\/wp-content\/uploads\/2019\/09\/20180926_2149_8118_5DII_2-744x496-360x240.jpg 360w\" sizes=\"auto, (max-width: 744px) 100vw, 744px\" \/><\/figure><\/div>\n\n\n<h3 class=\"wp-block-heading\">Allgemeine Leistungsdaten<\/h3>\n\n\n\n<ul class=\"wp-block-list\">\n<li>Leistung: 63 kW\/ 85 PS, max. 13.900 U\/min<\/li>\n\n\n\n<li>Drehmoment: 59 Nm<\/li>\n\n\n\n<li>Gewicht: 219 kg<\/li>\n\n\n\n<li>Beschleunigung&nbsp;0 \u2013 100 km\/h: 3,7 s<\/li>\n\n\n\n<li>Eventteilnahmen: Formula Student Austria, Formula Student Germany, Formula Student Spain<\/li>\n<\/ul>\n\n\n\n<h3 class=\"wp-block-heading\">Motor<\/h3>\n\n\n\n<ul class=\"wp-block-list\">\n<li>Yamaha R6 DOHC Reihenvierzylinder RJ09<\/li>\n\n\n\n<li>Hubraum: 600 ccm<\/li>\n\n\n\n<li>Motorsteuerung: Bosch MS6<\/li>\n\n\n\n<li>Optimierte Airbox in neuem Design und RAM-Air Effekt<\/li>\n\n\n\n<li>Gewichtsreduziertes Benzinsystem inklusive Pumpe, Filter und Injektoren<\/li>\n<\/ul>\n\n\n\n<h3 class=\"wp-block-heading\">Drivetrain<\/h3>\n\n\n\n<ul class=\"wp-block-list\">\n<li>Eigenentwickelte Schaltwalze mit neuer Schaltreihenfolge und Gangerkennung<\/li>\n\n\n\n<li>Kettentrieb mit optimierter \u00dcbersetzung<\/li>\n\n\n\n<li>Drexler Lamellensperrdifferential<\/li>\n\n\n\n<li>Bet\u00e4tigung Getriebe: elektropneumatisch \u00fcber Schaltwippen am Lenkrad<\/li>\n<\/ul>\n\n\n\n<h3 class=\"wp-block-heading\">Chassis<\/h3>\n\n\n\n<p>Zweiteilig aufgebautes Chassis:<\/p>\n\n\n\n<ul class=\"wp-block-list\">\n<li>Vorderwagen aus einteilig laminiertem Hybrid-Monocoque in Sandwichbauweise, hergestellt im Infiltrationsverfahren<\/li>\n\n\n\n<li>Hinterwagen aus Stahl Gitterrohrrahmen mit Motor integriert als  struktur-relevantes Bauteil, Pedalerie in V-Pedalanordnung mit  Schnellverstellmechanismus<\/li>\n\n\n\n<li>Crashbox mit Anti-Intrusionplate aus Carbon-Aramid-Hybrid<\/li>\n<\/ul>\n\n\n\n<h3 class=\"wp-block-heading\">Suspension<\/h3>\n\n\n\n<ul class=\"wp-block-list\">\n<li>Double-Wishbone Radaufh\u00e4ngung (vorne wie hinten) in Aluminium-CFK-Hybridbauweise<\/li>\n\n\n\n<li>Bet\u00e4tigung der vorderen, liegenden KW-D\u00e4mpfereinheit mit Pullrod<\/li>\n\n\n\n<li>Extrem pr\u00e4zise Radtr\u00e4ger und Radnaben, gefertigt durch FiGo-Tec Pr\u00e4zisionszerspanung<\/li>\n\n\n\n<li>Hintere, stehende KW-D\u00e4mpfereinheit wird mit Pushrod bet\u00e4tigt<\/li>\n\n\n\n<li>Bremsen von ISR Brakes mit 4 Kolben vorne und 2 Kolben hinten<\/li>\n\n\n\n<li>optionale Abkupplung der Pedalerie vom Bremskreislauf durch St\u00e4ubli-Kupplungen ohne neu Entl\u00fcftung<\/li>\n\n\n\n<li>C18 Slicks auf OZ-Magnesiumflegen<\/li>\n\n\n\n<li>Radstand: 1540 mm<\/li>\n\n\n\n<li>Spurbreite: vorne 1200\/ hinten 1156<\/li>\n<\/ul>\n\n\n\n<h3 class=\"wp-block-heading\">Monocoque<\/h3>\n\n\n\n<ul class=\"wp-block-list\">\n<li>Gewichtsreduzierung<\/li>\n\n\n\n<li>h\u00f6here Steifigkeit<\/li>\n\n\n\n<li>verbesserter Schwerpunkt<\/li>\n\n\n\n<li>Reduzierung des Massentr\u00e4gheitsmoments um die Hochachse<\/li>\n\n\n\n<li>Umstellung von Ureolformen auf Carbonformen<\/li>\n<\/ul>\n\n\n\n<h3 class=\"wp-block-heading\">Aero<\/h3>\n\n\n\n<ul class=\"wp-block-list\">\n<li>Downforce bei 120km\/h: 2250N<\/li>\n\n\n\n<li>Gewicht Unterboden: 3,2-3,3 kg<\/li>\n\n\n\n<li>neuer kompleter Unterboden und optimierter Frontwing&nbsp;<\/li>\n<\/ul>\n\n\n\n<h3 class=\"wp-block-heading\">E&amp;I<\/h3>\n\n\n\n<ul class=\"wp-block-list\">\n<li>uC-Getriebesteuerung mit CAN-Interface<\/li>\n\n\n\n<li>LCD-Dashboard<\/li>\n\n\n\n<li>868MHz SRD-Band Telemetrie<\/li>\n\n\n\n<li>Bosch MS6 Datenlogger (1000Hz)<\/li>\n\n\n\n<li>elektromagnetisch gesteuerte Peumatikschaltung<\/li>\n<\/ul>","protected":false},"excerpt":{"rendered":"<p>Allgemeine Leistungsdaten Motor Antrieb Chassis Zweiteilig aufgebautes Chassis: Fahrwerk Monocoque Aero E&amp;I<\/p>","protected":false},"author":1,"featured_media":2757,"parent":171,"menu_order":0,"comment_status":"closed","ping_status":"closed","template":"","meta":{"footnotes":""},"class_list":["post-26","page","type-page","status-publish","has-post-thumbnail","hentry"],"_links":{"self":[{"href":"http:\/\/infinityracing.de\/en\/wp-json\/wp\/v2\/pages\/26","targetHints":{"allow":["GET"]}}],"collection":[{"href":"http:\/\/infinityracing.de\/en\/wp-json\/wp\/v2\/pages"}],"about":[{"href":"http:\/\/infinityracing.de\/en\/wp-json\/wp\/v2\/types\/page"}],"author":[{"embeddable":true,"href":"http:\/\/infinityracing.de\/en\/wp-json\/wp\/v2\/users\/1"}],"replies":[{"embeddable":true,"href":"http:\/\/infinityracing.de\/en\/wp-json\/wp\/v2\/comments?post=26"}],"version-history":[{"count":2,"href":"http:\/\/infinityracing.de\/en\/wp-json\/wp\/v2\/pages\/26\/revisions"}],"predecessor-version":[{"id":2707,"href":"http:\/\/infinityracing.de\/en\/wp-json\/wp\/v2\/pages\/26\/revisions\/2707"}],"up":[{"embeddable":true,"href":"http:\/\/infinityracing.de\/en\/wp-json\/wp\/v2\/pages\/171"}],"wp:featuredmedia":[{"embeddable":true,"href":"http:\/\/infinityracing.de\/en\/wp-json\/wp\/v2\/media\/2757"}],"wp:attachment":[{"href":"http:\/\/infinityracing.de\/en\/wp-json\/wp\/v2\/media?parent=26"}],"curies":[{"name":"wp","href":"https:\/\/api.w.org\/{rel}","templated":true}]}}