{"id":206,"date":"2019-11-15T23:57:31","date_gmt":"2019-11-15T23:57:31","guid":{"rendered":"http:\/\/infinityracing.de\/?page_id=206"},"modified":"2024-04-04T13:01:07","modified_gmt":"2024-04-04T13:01:07","slug":"tomsoi-vii","status":"publish","type":"page","link":"http:\/\/infinityracing.de\/en\/fahrzeuge\/tomsoi-vii\/","title":{"rendered":"Tomsoi VII"},"content":{"rendered":"<div class=\"wp-block-image\">\n<figure class=\"aligncenter\"><img loading=\"lazy\" decoding=\"async\" width=\"1024\" height=\"683\" src=\"http:\/\/infinityracing.de\/wp-content\/uploads\/2019\/11\/Tomsoi-7-1024x683.jpg\" alt=\"\" class=\"wp-image-224\" srcset=\"https:\/\/infinityracing.de\/wp-content\/uploads\/2019\/11\/Tomsoi-7-1024x683.jpg 1024w, https:\/\/infinityracing.de\/wp-content\/uploads\/2019\/11\/Tomsoi-7-300x200.jpg 300w, https:\/\/infinityracing.de\/wp-content\/uploads\/2019\/11\/Tomsoi-7-768x512.jpg 768w, https:\/\/infinityracing.de\/wp-content\/uploads\/2019\/11\/Tomsoi-7-360x240.jpg 360w\" sizes=\"auto, (max-width: 1024px) 100vw, 1024px\" \/><\/figure><\/div>\n\n\n<h2 class=\"wp-block-heading\">Allgemeines<\/h2>\n\n\n\n<ul class=\"wp-block-list\">\n<li>Leistung: 63 kW\/ 85 PS, max. 13.900 U\/min<\/li>\n\n\n\n<li>Drehmoment: 59 Nm<\/li>\n\n\n\n<li>Gewicht: 224 kg<\/li>\n\n\n\n<li>Beschleunigung 0 \u2013 100 km\/h: 3,9 s<\/li>\n\n\n\n<li>Eventteilnahmen: Formula Student Germany, Formula Student Spain, Formula Student Italy<\/li>\n<\/ul>\n\n\n\n<h2 class=\"wp-block-heading\">Motor<\/h2>\n\n\n\n<ul class=\"wp-block-list\">\n<li>Yamaha R6 DOHC Reihenvierzylinder RJ09<\/li>\n\n\n\n<li>Hubraum: 600 ccm<\/li>\n\n\n\n<li>Motorsteuerung: Bosch MS 4 SportLaunch Control<\/li>\n<\/ul>\n\n\n\n<h2 class=\"wp-block-heading\">Drivetrain<\/h2>\n\n\n\n<ul class=\"wp-block-list\">\n<li>Eigenentwickelte Schaltwalze mit neuer Schaltreihenfolge und Gangerkennung<\/li>\n\n\n\n<li>Kettentrieb<\/li>\n\n\n\n<li>Drexler Lamellensperrdifferential<\/li>\n\n\n\n<li>Elektropneumatisch bet\u00e4tigtes Getriebe (4 \u2013 Gang)<\/li>\n<\/ul>\n\n\n\n<h2 class=\"wp-block-heading\">Chassis<\/h2>\n\n\n\n<ul class=\"wp-block-list\">\n<li>Hybrid-Monocoque in Sandwichbauweise, Infiltrationsverfahren<\/li>\n\n\n\n<li>Hinterwagen Stahl- Gitterrohrrahmen<\/li>\n<\/ul>\n\n\n\n<h2 class=\"wp-block-heading\">Suspension<\/h2>\n\n\n\n<ul class=\"wp-block-list\">\n<li>Doppelte, ungleichlange Dreiecksquerlenker in Aluminium-CFK-Hybridbauweise<\/li>\n\n\n\n<li>Vorne Pullrods und hinten \u00fcber Pushrods bet\u00e4tigte KW-Federd\u00e4mpfereinheit<\/li>\n\n\n\n<li>Radstand: 1530 mm<\/li>\n\n\n\n<li>Spurbreite: vorne\/hinten 1200\/1150<\/li>\n\n\n\n<li>Bremsen: vorne 4 Kolben, hinten 2 Kolben Bremszangen<\/li>\n\n\n\n<li>Conti C-14 Slicks auf OZ-Magnesiumfelgen<\/li>\n<\/ul>\n\n\n\n<h2 class=\"wp-block-heading\">Elektronik &amp; Informatik<\/h2>\n\n\n\n<ul class=\"wp-block-list\">\n<li>uC-Getriebesteuerung mit CAN-Interface<\/li>\n\n\n\n<li>LCD-Dashboard<\/li>\n\n\n\n<li>Bosch Motorsport C50 Datenlogger<\/li>\n\n\n\n<li>868MHz SRD-Band Telemetrie<\/li>\n\n\n\n<li>Powercontroller<\/li>\n<\/ul>","protected":false},"excerpt":{"rendered":"<p>Allgemeines Motor Antrieb Chassis Fahrwerk Elektronik &amp; Informatik<\/p>","protected":false},"author":1,"featured_media":0,"parent":171,"menu_order":0,"comment_status":"closed","ping_status":"closed","template":"","meta":{"footnotes":""},"class_list":["post-206","page","type-page","status-publish","hentry"],"_links":{"self":[{"href":"http:\/\/infinityracing.de\/en\/wp-json\/wp\/v2\/pages\/206","targetHints":{"allow":["GET"]}}],"collection":[{"href":"http:\/\/infinityracing.de\/en\/wp-json\/wp\/v2\/pages"}],"about":[{"href":"http:\/\/infinityracing.de\/en\/wp-json\/wp\/v2\/types\/page"}],"author":[{"embeddable":true,"href":"http:\/\/infinityracing.de\/en\/wp-json\/wp\/v2\/users\/1"}],"replies":[{"embeddable":true,"href":"http:\/\/infinityracing.de\/en\/wp-json\/wp\/v2\/comments?post=206"}],"version-history":[{"count":1,"href":"http:\/\/infinityracing.de\/en\/wp-json\/wp\/v2\/pages\/206\/revisions"}],"predecessor-version":[{"id":2699,"href":"http:\/\/infinityracing.de\/en\/wp-json\/wp\/v2\/pages\/206\/revisions\/2699"}],"up":[{"embeddable":true,"href":"http:\/\/infinityracing.de\/en\/wp-json\/wp\/v2\/pages\/171"}],"wp:attachment":[{"href":"http:\/\/infinityracing.de\/en\/wp-json\/wp\/v2\/media?parent=206"}],"curies":[{"name":"wp","href":"https:\/\/api.w.org\/{rel}","templated":true}]}}