{"id":1266,"date":"2021-09-11T23:12:51","date_gmt":"2021-09-11T23:12:51","guid":{"rendered":"http:\/\/infinityracing.de\/?page_id=1266"},"modified":"2021-09-16T21:36:00","modified_gmt":"2021-09-16T21:36:00","slug":"hardware-in-the-loop-hil","status":"publish","type":"page","link":"http:\/\/infinityracing.de\/en\/fahrzeug\/elektrisches-system\/niedervoltsystem\/hardware-in-the-loop-hil\/","title":{"rendered":"Hardware in the Loop (HiL)"},"content":{"rendered":"<div class=\"wp-block-themeisle-blocks-advanced-columns has-1-columns has-desktop-equal-layout has-tablet-equal-layout has-mobile-equal-layout has-default-gap has-vertical-unset\" id=\"wp-block-themeisle-blocks-advanced-columns-f038ef15\"><div class=\"wp-block-themeisle-blocks-advanced-columns-overlay\"><\/div><div class=\"innerblocks-wrap\">\n<div class=\"wp-block-themeisle-blocks-advanced-column\" id=\"wp-block-themeisle-blocks-advanced-column-00fb3cad\">\n<p>Das HiL, auch Hardware in the Loop genannt, dient zur Nachbildung eines elektrischen Systems. Dieser Simulator wurde in Eigenbau f\u00fcr den erleichterten Umstieg vom Verbrenner zum Elektroauto, genauer gesagt f\u00fcr die Neuentwicklung der Low-Voltage Platinen entwickelt. Der Anwendungsbereich geht von der Funktions\u00fcberpr\u00fcfung der Platinen durch das Simulieren einzelner Signale bis hin zum Dauertest des gesamten elektrischen Systems, wobei beliebige Signale abgegriffen, gespeichert und graphisch oder nummerisch dargestellt werden k\u00f6nnen. Durch die Eigenentwicklung ist das HiL perfekt auf unsere Anforderungen angepasst und aufgrund der Modularit\u00e4t mit geringem Aufwand erweiterbar.<\/p>\n\n\n\n<figure class=\"wp-block-image size-large\"><img loading=\"lazy\" decoding=\"async\" width=\"1024\" height=\"496\" src=\"http:\/\/infinityracing.de\/wp-content\/uploads\/2021\/09\/HiL-1024x496.png\" alt=\"\" class=\"wp-image-1269\" srcset=\"https:\/\/infinityracing.de\/wp-content\/uploads\/2021\/09\/HiL-1024x496.png 1024w, https:\/\/infinityracing.de\/wp-content\/uploads\/2021\/09\/HiL-300x145.png 300w, https:\/\/infinityracing.de\/wp-content\/uploads\/2021\/09\/HiL-768x372.png 768w, https:\/\/infinityracing.de\/wp-content\/uploads\/2021\/09\/HiL.png 1234w\" sizes=\"auto, (max-width: 1024px) 100vw, 1024px\" \/><\/figure>\n\n\n\n<p>Das Grundprinzip besteht aus einem mit dem Anwendungsframework Qt programmierten Userinterface, welches \u00fcber eine Serielle Schnittstelle mit einem Nucleo Entwicklungsboard kommuniziert. Von dort aus wird \u00fcber maximal 3x I<sup>2<\/sup>C Busse mit einer Datenrate von bis zu 1 Mbits mit den Modulkarten kommuniziert. Diese k\u00f6nnen dann entweder Signale ausgeben oder die Systemantworten aufnehmen und wieder an den Nucleo und somit an das Userinterface und die Datensicherung zur\u00fcckgeben.<\/p>\n\n\n\n<p>Da dieser Pr\u00fcfstand nie zu Ende entwickelt ist, kann immer etwas daran verbessert oder erweitert werden, weshalb wir uns jederzeit \u00fcber neue Teammitglieder und Unterst\u00fctzung durch Partner freuen und auch darauf angewiesen sind.<\/p>\n<\/div>\n<\/div><\/div>","protected":false},"excerpt":{"rendered":"","protected":false},"author":2,"featured_media":0,"parent":1099,"menu_order":0,"comment_status":"closed","ping_status":"closed","template":"","meta":{"footnotes":""},"class_list":["post-1266","page","type-page","status-publish","hentry"],"_links":{"self":[{"href":"http:\/\/infinityracing.de\/en\/wp-json\/wp\/v2\/pages\/1266","targetHints":{"allow":["GET"]}}],"collection":[{"href":"http:\/\/infinityracing.de\/en\/wp-json\/wp\/v2\/pages"}],"about":[{"href":"http:\/\/infinityracing.de\/en\/wp-json\/wp\/v2\/types\/page"}],"author":[{"embeddable":true,"href":"http:\/\/infinityracing.de\/en\/wp-json\/wp\/v2\/users\/2"}],"replies":[{"embeddable":true,"href":"http:\/\/infinityracing.de\/en\/wp-json\/wp\/v2\/comments?post=1266"}],"version-history":[{"count":0,"href":"http:\/\/infinityracing.de\/en\/wp-json\/wp\/v2\/pages\/1266\/revisions"}],"up":[{"embeddable":true,"href":"http:\/\/infinityracing.de\/en\/wp-json\/wp\/v2\/pages\/1099"}],"wp:attachment":[{"href":"http:\/\/infinityracing.de\/en\/wp-json\/wp\/v2\/media?parent=1266"}],"curies":[{"name":"wp","href":"https:\/\/api.w.org\/{rel}","templated":true}]}}