{"id":1099,"date":"2021-05-31T18:46:29","date_gmt":"2021-05-31T18:46:29","guid":{"rendered":"http:\/\/infinityracing.de\/?page_id=1099"},"modified":"2021-10-03T14:40:26","modified_gmt":"2021-10-03T14:40:26","slug":"niedervoltsystem","status":"publish","type":"page","link":"http:\/\/infinityracing.de\/en\/fahrzeug\/elektrisches-system\/niedervoltsystem\/","title":{"rendered":"Niedervoltsystem"},"content":{"rendered":"<div class=\"wp-block-themeisle-blocks-advanced-columns has-1-columns has-desktop-equal-layout has-tablet-equal-layout has-mobile-equal-layout has-default-gap has-vertical-unset\" id=\"wp-block-themeisle-blocks-advanced-columns-0ba28804\"><div class=\"wp-block-themeisle-blocks-advanced-columns-overlay\"><\/div><div class=\"innerblocks-wrap\">\n<div class=\"wp-block-themeisle-blocks-advanced-column\" id=\"wp-block-themeisle-blocks-advanced-column-23c00b5c\">\n<p>Das Niedervoltsystem (Low-Voltage System (LVS)) ist das Verbindungsst\u00fcck zwischen s\u00e4mtlichen Komponenten im Fahrzeug. Egal ob Antriebstrang, Umrichter, Akku oder auch Fahrwerk, jede dieser Baugruppen hat Sensoren, Aktoren, und Indikatoren die an das LVS angeschlossen sind.<\/p>\n\n\n\n<p>In unserem Fahrzeug wird das LVS in drei unterschiedliche Bereiche geteilt, das elektrische Sicherheitssystem, Sensor-Monitoring und Logging und Steuerger\u00e4te die f\u00fcr Regelung und Kommunikation zust\u00e4ndig sind. Au\u00dferdem gibt es als weitere Aufgabenbereiche die Systemintegration und das Testing der Komponenten.<\/p>\n<\/div>\n<\/div><\/div>\n\n\n\n<figure class=\"wp-block-image size-large\"><img loading=\"lazy\" decoding=\"async\" width=\"1024\" height=\"461\" src=\"http:\/\/infinityracing.de\/wp-content\/uploads\/2021\/09\/Unbenannt-1-1024x461.png\" alt=\"\" class=\"wp-image-1279\" srcset=\"https:\/\/infinityracing.de\/wp-content\/uploads\/2021\/09\/Unbenannt-1-1024x461.png 1024w, https:\/\/infinityracing.de\/wp-content\/uploads\/2021\/09\/Unbenannt-1-300x135.png 300w, https:\/\/infinityracing.de\/wp-content\/uploads\/2021\/09\/Unbenannt-1-768x345.png 768w, https:\/\/infinityracing.de\/wp-content\/uploads\/2021\/09\/Unbenannt-1-1536x691.png 1536w, https:\/\/infinityracing.de\/wp-content\/uploads\/2021\/09\/Unbenannt-1.png 1730w\" sizes=\"auto, (max-width: 1024px) 100vw, 1024px\" \/><figcaption>Die gr\u00f6\u00dfte Herausforderung w\u00e4hrend der Entwicklung und dem Aufbau des LVS ist das simultane einhalten aller Formula Student Regeln, eigenen und generellen Anforderungen an das System. <\/figcaption><\/figure>\n\n\n\n<p>Allein im Niedervoltsystem befinden sich 12 Eigenentwickelte Platinen und zwei weitere Steuerger\u00e4te. Die Kommunikation der einzelnen elektrischen Ger\u00e4te l\u00e4uft zum gr\u00f6\u00dften Teil \u00fcber den CAN Bus, allerdings werden einige sicherheitskritischen Signale auch direkt zu diversen Steuerger\u00e4ten verkabelt.<\/p>\n\n\n\n<div class=\"cus-anchor\">\n  <a id=\"Safety-System\">&nbsp;<\/a>\n  <h2>Elektrisches Sicherheitssystem<\/h2>\n<\/div>\n\n\n\n<p>Die funktionale Sicherheit bez\u00fcglich elektrischer Komponenten spielt in einem Formula Student Fahrzeug, wie auch in jedem Industriezweig, eine gro\u00dfe Rolle. Ihr Ziel ist es Gef\u00e4hrdungen f\u00fcr den Fahrer und alle Beteiligten so gering zu halten wie m\u00f6glich.<\/p>\n\n\n\n<p>Mithilfe von zahlreichen Sicherheits-Instanzen wird eine Sicherheitsschleife aufgebaut und dadurch werden jegliche Fehler welche auftreten k\u00f6nnen sofort eliminiert und das Fahrzeug spannungsfrei geschaltet.<\/p>\n\n\n\n<p>Bei der Entwicklung von sicherheitskritischen Systemen gibt es in der Automobilbranche viele unterschiedliche Anforderungen, welche beispielsweise in der ISO26262 beschrieben werden. Auch in unserem Fahrzeug wird mithilfe von Gefahrenanalysen und der Erf\u00fcllung sicherheitsspezifischen Anforderungen die funktionale Sicherheit beachtet.<\/p>\n\n\n\n<div class=\"cus-anchor\">\n  <a id=\"Sensor-System\">&nbsp;<\/a>\n  <h2>Sensor System<\/h2>\n<\/div>\n\n\n\n<p>Als wichtigste Aufgabe der gesamten Fahrzeugentwicklung, tr\u00e4gt das Sensor System den gr\u00f6\u00dften Teil zur Optimierung und Weiterentwicklung jeder Baugruppe bei. Vermessung des Fahrwerks, Einstellen der Aerodynamik, Regelung der K\u00fchltemperatur, Ansteuerung der Motoren; Sensoren werden nicht nur f\u00fcr die Auswertung des Fahrverhaltens ben\u00f6tigt, sondern auch w\u00e4hrend dem normalen Betrieb des Fahrzeugs.<\/p>\n\n\n\n<p>Unser Sensor System ist modular \u00fcber das ganze Fahrzeug verteilt. Mithilfe von Platinen welche \u00fcber CAN kommunizieren, kann an Stellen des Fahrzeugs mit hohen Sensoraufkommen, Sensorwerte direkt digitalisiert und aufgezeichnet, bzw. an andere Steuerger\u00e4te weitergegeben werden. Dieses modulare System l\u00e4sst au\u00dferdem ein st\u00e4ndiges Erweitern und Reduzieren von Sensoren zu, au\u00dferdem tr\u00e4gt die Digitalisierung von analogen Sensorsignalen zu einer besseren EMV-Resistenz bei.<\/p>\n\n\n\n<div class=\"cus-anchor\">\n  <a id=\"logging\">&nbsp;<\/a>\n  <h2>Logging und Telemetrie<\/h2>\n<\/div>\n\n\n\n<p>Ohne Logging und Echtzeit-Telemetrie der gemessen Daten, w\u00fcrde das Sensor System wenig Sinn machen. Alle f\u00fcnf im Fahrzeug verbauten CAN Busse werden in einem zentralen Daten-Logger aufgezeichnet, mithilfe des zuvor erw\u00e4hnten modularen Sensor Systems werden alle Sensoren auf den CAN weitergeleitet was automatisch zum Logging aller Sensoren f\u00fchrt. <\/p>\n\n\n\n<p>Des weiteren leitet ein zentrales CAN Gateway, welches auf der Vehicle Control Unit implementiert ist, alle wichtigen und interessanten Daten f\u00fcr eine Echtzeit \u00dcberwachung auf das Telemetrie Modul weiter. Mithilfe einer eigens Entwickelten App kann so auf das Fahrzeug zugegriffen werden und ebenfalls neue Code Partitionen auf Steuerger\u00e4te installiert werden. <\/p>\n\n\n\n<div class=\"cus-anchor\">\n  <a id=\"kommunikation\">&nbsp;<\/a>\n  <h2>Kommunikation, Steuerung und Regelung<\/h2>\n<\/div>\n\n\n\n<p><\/p>","protected":false},"excerpt":{"rendered":"<p>Allein im Niedervoltsystem befinden sich 12 Eigenentwickelte Platinen und zwei weitere Steuerger\u00e4te. Die Kommunikation der einzelnen elektrischen Ger\u00e4te l\u00e4uft zum gr\u00f6\u00dften Teil \u00fcber den CAN Bus, allerdings werden einige sicherheitskritischen Signale auch direkt zu diversen Steuerger\u00e4ten verkabelt. &nbsp; Elektrisches Sicherheitssystem Die funktionale Sicherheit bez\u00fcglich elektrischer Komponenten spielt in einem Formula [&hellip;]<\/p>","protected":false},"author":1,"featured_media":0,"parent":977,"menu_order":0,"comment_status":"closed","ping_status":"closed","template":"","meta":{"footnotes":""},"class_list":["post-1099","page","type-page","status-publish","hentry"],"_links":{"self":[{"href":"http:\/\/infinityracing.de\/en\/wp-json\/wp\/v2\/pages\/1099","targetHints":{"allow":["GET"]}}],"collection":[{"href":"http:\/\/infinityracing.de\/en\/wp-json\/wp\/v2\/pages"}],"about":[{"href":"http:\/\/infinityracing.de\/en\/wp-json\/wp\/v2\/types\/page"}],"author":[{"embeddable":true,"href":"http:\/\/infinityracing.de\/en\/wp-json\/wp\/v2\/users\/1"}],"replies":[{"embeddable":true,"href":"http:\/\/infinityracing.de\/en\/wp-json\/wp\/v2\/comments?post=1099"}],"version-history":[{"count":0,"href":"http:\/\/infinityracing.de\/en\/wp-json\/wp\/v2\/pages\/1099\/revisions"}],"up":[{"embeddable":true,"href":"http:\/\/infinityracing.de\/en\/wp-json\/wp\/v2\/pages\/977"}],"wp:attachment":[{"href":"http:\/\/infinityracing.de\/en\/wp-json\/wp\/v2\/media?parent=1099"}],"curies":[{"name":"wp","href":"https:\/\/api.w.org\/{rel}","templated":true}]}}